{"id":11205,"date":"2024-01-29T09:49:43","date_gmt":"2024-01-29T09:49:43","guid":{"rendered":"https:\/\/www.siloran.com\/?page_id=11205"},"modified":"2024-01-29T09:55:51","modified_gmt":"2024-01-29T09:55:51","slug":"elementor-11205","status":"publish","type":"page","link":"https:\/\/www.siloran.com\/es\/elementor-11205\/","title":{"rendered":"Actualizaci\u00f3n SEO de Mascara 29\/01\/2024"},"content":{"rendered":"<div data-elementor-type=\"wp-page\" data-elementor-id=\"11205\" class=\"elementor elementor-11205\" data-elementor-post-type=\"page\">\n\t\t\t\t<div class=\"elementor-element elementor-element-3cb6a9e2 e-flex e-con-boxed e-con e-parent\" data-id=\"3cb6a9e2\" data-element_type=\"container\" data-e-type=\"container\">\n\t\t\t\t\t<div class=\"e-con-inner\">\n\t\t<div class=\"elementor-element elementor-element-3153e5f1 e-con-full e-flex e-con e-child\" data-id=\"3153e5f1\" data-element_type=\"container\" data-e-type=\"container\">\n\t\t\t\t<div class=\"elementor-element elementor-element-537cf6d2 elementor-widget elementor-widget-heading\" data-id=\"537cf6d2\" data-element_type=\"widget\" data-e-type=\"widget\" data-widget_type=\"heading.default\">\n\t\t\t\t<div class=\"elementor-widget-container\">\n\t\t\t\t\t<h2 class=\"elementor-heading-title elementor-size-default\">\u00bfC\u00f3mo utilizar el r\u00edmel correctamente?<\/h2>\t\t\t\t<\/div>\n\t\t\t\t<\/div>\n\t\t\t\t<div class=\"elementor-element elementor-element-b5c7010 elementor-widget elementor-widget-text-editor\" data-id=\"b5c7010\" data-element_type=\"widget\" data-e-type=\"widget\" data-widget_type=\"text-editor.default\">\n\t\t\t\t<div class=\"elementor-widget-container\">\n\t\t\t\t\t\t\t\t\t<p>Aprenda c\u00f3mo <a href=\"https:\/\/www.siloran.com\/es\/a-101-guide-to-applying-mascara\/\">aplicar el r\u00edmel<\/a> paso a paso.<\/p>\t\t\t\t\t\t\t\t<\/div>\n\t\t\t\t<\/div>\n\t\t<div class=\"elementor-element elementor-element-6a356bc9 e-flex e-con-boxed e-con e-child\" data-id=\"6a356bc9\" data-element_type=\"container\" data-e-type=\"container\">\n\t\t\t\t\t<div class=\"e-con-inner\">\n\t\t<div class=\"elementor-element elementor-element-586aa23e e-flex e-con-boxed e-con e-child\" data-id=\"586aa23e\" data-element_type=\"container\" data-e-type=\"container\">\n\t\t\t\t\t<div class=\"e-con-inner\">\n\t\t\t\t<div class=\"elementor-element elementor-element-5507c834 elementor-widget elementor-widget-text-editor\" data-id=\"5507c834\" data-element_type=\"widget\" data-e-type=\"widget\" data-widget_type=\"text-editor.default\">\n\t\t\t\t<div class=\"elementor-widget-container\">\n\t\t\t\t\t\t\t\t\t<p><strong>1.<\/strong> Riza tus pesta\u00f1as con un rizador de pesta\u00f1as.<\/p>\t\t\t\t\t\t\t\t<\/div>\n\t\t\t\t<\/div>\n\t\t\t\t<div class=\"elementor-element elementor-element-32ef09a0 elementor-widget elementor-widget-text-editor\" data-id=\"32ef09a0\" data-element_type=\"widget\" data-e-type=\"widget\" data-widget_type=\"text-editor.default\">\n\t\t\t\t<div class=\"elementor-widget-container\">\n\t\t\t\t\t\t\t\t\t<p><strong>2.<\/strong> Retire el exceso de producto del cepillo de m\u00e1scara.<\/p>\t\t\t\t\t\t\t\t<\/div>\n\t\t\t\t<\/div>\n\t\t\t\t<div class=\"elementor-element elementor-element-54080682 elementor-widget elementor-widget-text-editor\" data-id=\"54080682\" data-element_type=\"widget\" data-e-type=\"widget\" data-widget_type=\"text-editor.default\">\n\t\t\t\t<div class=\"elementor-widget-container\">\n\t\t\t\t\t\t\t\t\t<p><strong>3.<\/strong> Aplica la m\u00e1scara desde la base hasta las puntas de tus pesta\u00f1as con un movimiento en zigzag.<\/p>\t\t\t\t\t\t\t\t<\/div>\n\t\t\t\t<\/div>\n\t\t\t\t<div class=\"elementor-element elementor-element-2fcc4064 elementor-widget elementor-widget-text-editor\" data-id=\"2fcc4064\" data-element_type=\"widget\" data-e-type=\"widget\" data-widget_type=\"text-editor.default\">\n\t\t\t\t<div class=\"elementor-widget-container\">\n\t\t\t\t\t\t\t\t\t<p><strong>4.<\/strong> A\u00f1ade m\u00e1s volumen aplicando una capa adicional en las ra\u00edces.<\/p>\t\t\t\t\t\t\t\t<\/div>\n\t\t\t\t<\/div>\n\t\t\t\t<div class=\"elementor-element elementor-element-19df1425 elementor-widget elementor-widget-text-editor\" data-id=\"19df1425\" data-element_type=\"widget\" data-e-type=\"widget\" data-widget_type=\"text-editor.default\">\n\t\t\t\t<div class=\"elementor-widget-container\">\n\t\t\t\t\t\t\t\t\t<p><strong>5.<\/strong> Cubre ligeramente tus pesta\u00f1as inferiores.<\/p>\t\t\t\t\t\t\t\t<\/div>\n\t\t\t\t<\/div>\n\t\t\t\t<div class=\"elementor-element elementor-element-5bf2e56b elementor-widget elementor-widget-text-editor\" data-id=\"5bf2e56b\" data-element_type=\"widget\" data-e-type=\"widget\" data-widget_type=\"text-editor.default\">\n\t\t\t\t<div class=\"elementor-widget-container\">\n\t\t\t\t\t\t\t\t\t<p><strong>6.<\/strong> Utilice un cepillo de carrete para separar los grumos.<\/p>\t\t\t\t\t\t\t\t<\/div>\n\t\t\t\t<\/div>\n\t\t\t\t<div class=\"elementor-element elementor-element-bd3d0bf elementor-widget elementor-widget-text-editor\" data-id=\"bd3d0bf\" data-element_type=\"widget\" data-e-type=\"widget\" data-widget_type=\"text-editor.default\">\n\t\t\t\t<div class=\"elementor-widget-container\">\n\t\t\t\t\t\t\t\t\t<p><strong>7.<\/strong> Deje que la m\u00e1scara se seque antes de abrir completamente los ojos.<\/p>\t\t\t\t\t\t\t\t<\/div>\n\t\t\t\t<\/div>\n\t\t\t\t\t<\/div>\n\t\t\t\t<\/div>\n\t\t\t\t\t<\/div>\n\t\t\t\t<\/div>\n\t\t\t\t<\/div>\n\t\t<div class=\"elementor-element elementor-element-17c814bb e-con-full e-flex e-con e-child\" data-id=\"17c814bb\" data-element_type=\"container\" data-e-type=\"container\">\n\t\t\t\t<div class=\"elementor-element elementor-element-7d450e1b elementor-widget elementor-widget-image\" data-id=\"7d450e1b\" data-element_type=\"widget\" data-e-type=\"widget\" data-widget_type=\"image.default\">\n\t\t\t\t<div class=\"elementor-widget-container\">\n\t\t\t\t\t\t\t\t\t\t\t\t\t\t\t<img fetchpriority=\"high\" decoding=\"async\" width=\"768\" height=\"750\" src=\"https:\/\/www.siloran.com\/wp-content\/uploads\/2024\/01\/applying-mascara-1-e1708509211454.jpg\" class=\"attachment-large size-large wp-image-11208\" alt=\"aplicar r\u00edmel\" srcset=\"https:\/\/www.siloran.com\/wp-content\/uploads\/2024\/01\/applying-mascara-1-e1708509211454.jpg 768w, https:\/\/www.siloran.com\/wp-content\/uploads\/2024\/01\/applying-mascara-1-e1708509211454-300x293.jpg 300w, https:\/\/www.siloran.com\/wp-content\/uploads\/2024\/01\/applying-mascara-1-e1708509211454-600x586.jpg 600w\" sizes=\"(max-width: 768px) 100vw, 768px\" \/>\t\t\t\t\t\t\t\t\t\t\t\t\t\t\t<\/div>\n\t\t\t\t<\/div>\n\t\t\t\t<\/div>\n\t\t\t\t\t<\/div>\n\t\t\t\t<\/div>\n\t\t<div class=\"elementor-element elementor-element-ecc7ee7 e-flex e-con-boxed e-con e-parent\" data-id=\"ecc7ee7\" data-element_type=\"container\" data-e-type=\"container\" data-settings=\"{&quot;background_background&quot;:&quot;classic&quot;}\">\n\t\t\t\t\t<div class=\"e-con-inner\">\n\t\t<div class=\"elementor-element elementor-element-24aeff5d e-flex e-con-boxed e-con e-child\" data-id=\"24aeff5d\" data-element_type=\"container\" data-e-type=\"container\" data-settings=\"{&quot;background_background&quot;:&quot;classic&quot;}\">\n\t\t\t\t\t<div class=\"e-con-inner\">\n\t\t\t\t<div class=\"elementor-element elementor-element-4c13023 elementor-widget elementor-widget-heading\" data-id=\"4c13023\" data-element_type=\"widget\" data-e-type=\"widget\" data-widget_type=\"heading.default\">\n\t\t\t\t<div class=\"elementor-widget-container\">\n\t\t\t\t\t<h2 class=\"elementor-heading-title elementor-size-default\">R\u00edmel vs. Pesta\u00f1as postizas\n<\/h2>\t\t\t\t<\/div>\n\t\t\t\t<\/div>\n\t\t\t\t<div class=\"elementor-element elementor-element-6b4353d6 elementor-widget elementor-widget-text-editor\" data-id=\"6b4353d6\" data-element_type=\"widget\" data-e-type=\"widget\" data-widget_type=\"text-editor.default\">\n\t\t\t\t<div class=\"elementor-widget-container\">\n\t\t\t\t\t\t\t\t\t\u00bfCu\u00e1l es la diferencia entre r\u00edmel y pesta\u00f1as postizas?\t\t\t\t\t\t\t\t<\/div>\n\t\t\t\t<\/div>\n\t\t\t\t<div class=\"elementor-element elementor-element-450df8a9 pp-table-center elementor-widget elementor-widget-pp-table\" data-id=\"450df8a9\" data-element_type=\"widget\" data-e-type=\"widget\" data-settings=\"{&quot;table_type&quot;:&quot;responsive&quot;,&quot;scrollable&quot;:&quot;no&quot;}\" data-widget_type=\"pp-table.default\">\n\t\t\t\t<div class=\"elementor-widget-container\">\n\t\t\t\t\t\t\t<div class=\"pp-table-container\">\n\t\t\t<table \n\t\t\tclass=\"pp-table tablesaw\" data-tablesaw-mode=\"stack\"\t\t\t\t>\n\t\t\t\t\t\t\t<colgroup>\n\t\t\t\t\t\t\t\t<col\n\t\t\t\t\tspan=\"1\"\n\t\t\t\t\tclass=\"elementor-repeater-item-af83534\"\n\t\t\t\t\t\t\t\t\t\t\tstyle=\"\t\t\t\t\t\t\t\t\t\t\t\t\t\t\t\t\t\t\t\t\"\n\t\t\t\t\t\t\t\t\t\t>\n\t\t\t\t\t\t\t<\/colgroup>\n\t\t\t\t\t\t<thead>\n\t\t\t\t<tr class=\"pp-table-row\">\n\t\t\t\t\t<th class=\"pp-table-cell pp-table-cell-d0d833a\"><span class=\"pp-table-cell-content\"><span class=\"pp-table-cell-text\">Criterios<\/span><\/span><\/th><th class=\"pp-table-cell pp-table-cell-3070cfc\"><span class=\"pp-table-cell-content\"><span class=\"pp-table-cell-text\">M\u00e1scara<\/span><\/span><\/th><th class=\"pp-table-cell pp-table-cell-bdc1eeb\"><span class=\"pp-table-cell-content\"><span class=\"pp-table-cell-text\">Pesta\u00f1as postizas<\/span><\/span><\/th>\t\t\t\t<\/tr>\n\t\t\t<\/thead>\n\t\t\t\t\t<tfoot>\n\t\t\t<\/tr>\t\t<\/tfoot>\n\t\t\t\t<tbody>\n\t\t\t<tr ><td class=\"pp-table-cell pp-table-cell-99473b8\"><span class=\"pp-table-cell-content\"><span class=\"pp-table-cell-text\">Solicitud\t<\/span><\/span><\/td><td class=\"pp-table-cell pp-table-cell-aebe7e3\"><span class=\"pp-table-cell-content\"><span class=\"pp-table-cell-text\">Se aplica sobre las pesta\u00f1as naturales con una varita.\t\n<\/span><\/span><\/td><td class=\"pp-table-cell pp-table-cell-a261542\"><span class=\"pp-table-cell-content\"><span class=\"pp-table-cell-text\">Se aplica sobre las pesta\u00f1as naturales mediante adhesivo.<\/span><\/span><\/td><\/tr><tr ><td class=\"pp-table-cell pp-table-cell-8d9b181\"><span class=\"pp-table-cell-content\"><span class=\"pp-table-cell-text\">Efecto\t<\/span><\/span><\/td><td class=\"pp-table-cell pp-table-cell-4834af1\"><span class=\"pp-table-cell-content\"><span class=\"pp-table-cell-text\">Agrega volumen, longitud y definici\u00f3n a las pesta\u00f1as naturales.\t<\/span><\/span><\/td><td class=\"pp-table-cell pp-table-cell-f22c660\"><span class=\"pp-table-cell-content\"><span class=\"pp-table-cell-text\">Aumenta dr\u00e1sticamente la longitud y el volumen. Permite crear diversos estilos y efectos.\n<\/span><\/span><\/td><\/tr><tr ><td class=\"pp-table-cell pp-table-cell-f0dfddb\"><span class=\"pp-table-cell-content\"><span class=\"pp-table-cell-text\">Aspecto natural\t<\/span><\/span><\/td><td class=\"pp-table-cell pp-table-cell-e818f67\"><span class=\"pp-table-cell-content\"><span class=\"pp-table-cell-text\">Puede proporcionar una mejora de aspecto m\u00e1s natural a las pesta\u00f1as.\t<\/span><\/span><\/td><td class=\"pp-table-cell pp-table-cell-b70350f\"><span class=\"pp-table-cell-content\"><span class=\"pp-table-cell-text\">A veces puede parecer m\u00e1s dram\u00e1tico y artificial.\n<\/span><\/span><\/td><\/tr><tr ><td class=\"pp-table-cell pp-table-cell-0d898b6\"><span class=\"pp-table-cell-content\"><span class=\"pp-table-cell-text\">Longevidad\t<\/span><\/span><\/td><td class=\"pp-table-cell pp-table-cell-0fe5cb4\"><span class=\"pp-table-cell-content\"><span class=\"pp-table-cell-text\">Dura todo el d\u00eda pero puede requerir retoques.\t<\/span><\/span><\/td><td class=\"pp-table-cell pp-table-cell-5cc8038\"><span class=\"pp-table-cell-content\"><span class=\"pp-table-cell-text\">Puede durar todo el d\u00eda y puede reutilizarse varias veces dependiendo de la calidad.\n<\/span><\/span><\/td><\/tr><tr ><td class=\"pp-table-cell pp-table-cell-837729c\"><span class=\"pp-table-cell-content\"><span class=\"pp-table-cell-text\">Conveniencia\t<\/span><\/span><\/td><td class=\"pp-table-cell pp-table-cell-a4a76cf\"><span class=\"pp-table-cell-content\"><span class=\"pp-table-cell-text\">F\u00e1cil y r\u00e1pido de aplicar y quitar.\t\n<\/span><\/span><\/td><td class=\"pp-table-cell pp-table-cell-52ecc0b\"><span class=\"pp-table-cell-content\"><span class=\"pp-table-cell-text\">Requiere m\u00e1s tiempo y esfuerzo para aplicarlo. Quitarlo puede ser un poco complicado.<\/span><\/span><\/td><\/tr><tr ><td class=\"pp-table-cell pp-table-cell-3a78602\"><span class=\"pp-table-cell-content\"><span class=\"pp-table-cell-text\">Costo\t<\/span><\/span><\/td><td class=\"pp-table-cell pp-table-cell-98fd226\"><span class=\"pp-table-cell-content\"><span class=\"pp-table-cell-text\">Generalmente menos costoso en comparaci\u00f3n con las pesta\u00f1as postizas.\t<\/span><\/span><\/td><td class=\"pp-table-cell pp-table-cell-08377bc\"><span class=\"pp-table-cell-content\"><span class=\"pp-table-cell-text\">Los costos a largo plazo pueden variar dependiendo de la calidad y la reutilizaci\u00f3n de las pesta\u00f1as postizas.\n<\/span><\/span><\/td><\/tr><tr ><td class=\"pp-table-cell pp-table-cell-c9c6c0d\"><span class=\"pp-table-cell-content\"><span class=\"pp-table-cell-text\">Curva de aprendizaje\t<\/span><\/span><\/td><td class=\"pp-table-cell pp-table-cell-c835241\"><span class=\"pp-table-cell-content\"><span class=\"pp-table-cell-text\">Los principiantes pueden aprender f\u00e1cilmente c\u00f3mo aplicar el r\u00edmel.\t<\/span><\/span><\/td><td class=\"pp-table-cell pp-table-cell-5f1c1d2\"><span class=\"pp-table-cell-content\"><span class=\"pp-table-cell-text\">La aplicaci\u00f3n de pesta\u00f1as postizas puede requerir pr\u00e1ctica y habilidad. <\/span><\/span><\/td><\/tr>\t\t<\/tbody>\n\t\t\t\t\t<\/table>\n\t\t<\/div>\n\t\t\t\t\t\t<\/div>\n\t\t\t\t<\/div>\n\t\t\t\t\t<\/div>\n\t\t\t\t<\/div>\n\t\t\t\t\t<\/div>\n\t\t\t\t<\/div>\n\t\t\t\t<\/div>","protected":false},"excerpt":{"rendered":"<p>\u00bfC\u00f3mo usar el r\u00edmel correctamente? Aprende a aplicarlo paso a paso. 1. Riza tus pesta\u00f1as con un rizador. 2. Retira el exceso de producto del aplicador. 3. Aplica el r\u00edmel desde la base hasta las puntas con movimientos en zigzag. 4. Agrega m\u00e1s volumen aplicando una cantidad adicional de [\u2026]<\/p>","protected":false},"author":2,"featured_media":0,"parent":0,"menu_order":0,"comment_status":"closed","ping_status":"closed","template":"","meta":{"_acf_changed":false,"two_page_speed":[],"footnotes":""},"class_list":["post-11205","page","type-page","status-publish","hentry"],"acf":[],"yoast_head":"<!-- This site is optimized with the Yoast SEO plugin v27.4 - https:\/\/yoast.com\/product\/yoast-seo-wordpress\/ -->\n<title>2024\/1\/29 Mascara SEO Update - Siloran<\/title>\n<meta name=\"robots\" content=\"index, follow, max-snippet:-1, max-image-preview:large, max-video-preview:-1\" \/>\n<link rel=\"canonical\" href=\"https:\/\/www.siloran.com\/es\/elementor-11205\/\" \/>\n<meta property=\"og:locale\" content=\"es_ES\" \/>\n<meta property=\"og:type\" content=\"article\" \/>\n<meta property=\"og:title\" content=\"2024\/1\/29 Mascara SEO Update - Siloran\" \/>\n<meta property=\"og:description\" content=\"How to Use Mascara Properly? Learn how to apply the mascara step by step. 1. Curl your eyelashes with an eyelash curler. 2. Remove excess product from the mascara wand. 3. Apply the mascara from the base to the tips of your lashes with a zigzag motion. 4. Add more volume by applying an additional [&hellip;]\" \/>\n<meta property=\"og:url\" content=\"https:\/\/www.siloran.com\/es\/elementor-11205\/\" \/>\n<meta property=\"og:site_name\" content=\"Siloran\" \/>\n<meta property=\"article:modified_time\" content=\"2024-01-29T09:55:51+00:00\" \/>\n<meta property=\"og:image\" content=\"http:\/\/www.siloran.com\/wp-content\/uploads\/2024\/01\/applying-mascara-1.jpg\" \/>\n<meta name=\"twitter:card\" content=\"summary_large_image\" \/>\n<meta name=\"twitter:label1\" content=\"Tiempo de lectura\" \/>\n\t<meta name=\"twitter:data1\" content=\"2 minutos\" \/>\n<script type=\"application\/ld+json\" class=\"yoast-schema-graph\">{\"@context\":\"https:\\\/\\\/schema.org\",\"@graph\":[{\"@type\":\"WebPage\",\"@id\":\"https:\\\/\\\/www.siloran.com\\\/elementor-11205\\\/\",\"url\":\"https:\\\/\\\/www.siloran.com\\\/elementor-11205\\\/\",\"name\":\"2024\\\/1\\\/29 Mascara SEO Update - Siloran\",\"isPartOf\":{\"@id\":\"https:\\\/\\\/www.siloran.com\\\/#website\"},\"primaryImageOfPage\":{\"@id\":\"https:\\\/\\\/www.siloran.com\\\/elementor-11205\\\/#primaryimage\"},\"image\":{\"@id\":\"https:\\\/\\\/www.siloran.com\\\/elementor-11205\\\/#primaryimage\"},\"thumbnailUrl\":\"http:\\\/\\\/www.siloran.com\\\/wp-content\\\/uploads\\\/2024\\\/01\\\/applying-mascara-1.jpg\",\"datePublished\":\"2024-01-29T09:49:43+00:00\",\"dateModified\":\"2024-01-29T09:55:51+00:00\",\"breadcrumb\":{\"@id\":\"https:\\\/\\\/www.siloran.com\\\/elementor-11205\\\/#breadcrumb\"},\"inLanguage\":\"es\",\"potentialAction\":[{\"@type\":\"ReadAction\",\"target\":[\"https:\\\/\\\/www.siloran.com\\\/elementor-11205\\\/\"]}]},{\"@type\":\"ImageObject\",\"inLanguage\":\"es\",\"@id\":\"https:\\\/\\\/www.siloran.com\\\/elementor-11205\\\/#primaryimage\",\"url\":\"http:\\\/\\\/www.siloran.com\\\/wp-content\\\/uploads\\\/2024\\\/01\\\/applying-mascara-1.jpg\",\"contentUrl\":\"http:\\\/\\\/www.siloran.com\\\/wp-content\\\/uploads\\\/2024\\\/01\\\/applying-mascara-1.jpg\"},{\"@type\":\"BreadcrumbList\",\"@id\":\"https:\\\/\\\/www.siloran.com\\\/elementor-11205\\\/#breadcrumb\",\"itemListElement\":[{\"@type\":\"ListItem\",\"position\":1,\"name\":\"\u9996\u9875\",\"item\":\"https:\\\/\\\/www.siloran.com\\\/\"},{\"@type\":\"ListItem\",\"position\":2,\"name\":\"2024\\\/1\\\/29 Mascara SEO Update\"}]},{\"@type\":\"WebSite\",\"@id\":\"https:\\\/\\\/www.siloran.com\\\/#website\",\"url\":\"https:\\\/\\\/www.siloran.com\\\/\",\"name\":\"Siloran\",\"description\":\"\",\"potentialAction\":[{\"@type\":\"SearchAction\",\"target\":{\"@type\":\"EntryPoint\",\"urlTemplate\":\"https:\\\/\\\/www.siloran.com\\\/?s={search_term_string}\"},\"query-input\":{\"@type\":\"PropertyValueSpecification\",\"valueRequired\":true,\"valueName\":\"search_term_string\"}}],\"inLanguage\":\"es\"}]}<\/script>\n<!-- \/ Yoast SEO plugin. -->","yoast_head_json":{"title":"2024\/1\/29 Mascara SEO Update - Siloran","robots":{"index":"index","follow":"follow","max-snippet":"max-snippet:-1","max-image-preview":"max-image-preview:large","max-video-preview":"max-video-preview:-1"},"canonical":"https:\/\/www.siloran.com\/es\/elementor-11205\/","og_locale":"es_ES","og_type":"article","og_title":"2024\/1\/29 Mascara SEO Update - Siloran","og_description":"How to Use Mascara Properly? Learn how to apply the mascara step by step. 1. Curl your eyelashes with an eyelash curler. 2. Remove excess product from the mascara wand. 3. Apply the mascara from the base to the tips of your lashes with a zigzag motion. 4. Add more volume by applying an additional [&hellip;]","og_url":"https:\/\/www.siloran.com\/es\/elementor-11205\/","og_site_name":"Siloran","article_modified_time":"2024-01-29T09:55:51+00:00","og_image":[{"url":"http:\/\/www.siloran.com\/wp-content\/uploads\/2024\/01\/applying-mascara-1.jpg","type":"","width":"","height":""}],"twitter_card":"summary_large_image","twitter_misc":{"Tiempo de lectura":"2 minutos"},"schema":{"@context":"https:\/\/schema.org","@graph":[{"@type":"WebPage","@id":"https:\/\/www.siloran.com\/elementor-11205\/","url":"https:\/\/www.siloran.com\/elementor-11205\/","name":"2024\/1\/29 Mascara SEO Update - Siloran","isPartOf":{"@id":"https:\/\/www.siloran.com\/#website"},"primaryImageOfPage":{"@id":"https:\/\/www.siloran.com\/elementor-11205\/#primaryimage"},"image":{"@id":"https:\/\/www.siloran.com\/elementor-11205\/#primaryimage"},"thumbnailUrl":"http:\/\/www.siloran.com\/wp-content\/uploads\/2024\/01\/applying-mascara-1.jpg","datePublished":"2024-01-29T09:49:43+00:00","dateModified":"2024-01-29T09:55:51+00:00","breadcrumb":{"@id":"https:\/\/www.siloran.com\/elementor-11205\/#breadcrumb"},"inLanguage":"es","potentialAction":[{"@type":"ReadAction","target":["https:\/\/www.siloran.com\/elementor-11205\/"]}]},{"@type":"ImageObject","inLanguage":"es","@id":"https:\/\/www.siloran.com\/elementor-11205\/#primaryimage","url":"http:\/\/www.siloran.com\/wp-content\/uploads\/2024\/01\/applying-mascara-1.jpg","contentUrl":"http:\/\/www.siloran.com\/wp-content\/uploads\/2024\/01\/applying-mascara-1.jpg"},{"@type":"BreadcrumbList","@id":"https:\/\/www.siloran.com\/elementor-11205\/#breadcrumb","itemListElement":[{"@type":"ListItem","position":1,"name":"\u9996\u9875","item":"https:\/\/www.siloran.com\/"},{"@type":"ListItem","position":2,"name":"2024\/1\/29 Mascara SEO Update"}]},{"@type":"WebSite","@id":"https:\/\/www.siloran.com\/#website","url":"https:\/\/www.siloran.com\/","name":"Siloran","description":"","potentialAction":[{"@type":"SearchAction","target":{"@type":"EntryPoint","urlTemplate":"https:\/\/www.siloran.com\/?s={search_term_string}"},"query-input":{"@type":"PropertyValueSpecification","valueRequired":true,"valueName":"search_term_string"}}],"inLanguage":"es"}]}},"_links":{"self":[{"href":"https:\/\/www.siloran.com\/es\/wp-json\/wp\/v2\/pages\/11205","targetHints":{"allow":["GET"]}}],"collection":[{"href":"https:\/\/www.siloran.com\/es\/wp-json\/wp\/v2\/pages"}],"about":[{"href":"https:\/\/www.siloran.com\/es\/wp-json\/wp\/v2\/types\/page"}],"author":[{"embeddable":true,"href":"https:\/\/www.siloran.com\/es\/wp-json\/wp\/v2\/users\/2"}],"replies":[{"embeddable":true,"href":"https:\/\/www.siloran.com\/es\/wp-json\/wp\/v2\/comments?post=11205"}],"version-history":[{"count":0,"href":"https:\/\/www.siloran.com\/es\/wp-json\/wp\/v2\/pages\/11205\/revisions"}],"wp:attachment":[{"href":"https:\/\/www.siloran.com\/es\/wp-json\/wp\/v2\/media?parent=11205"}],"curies":[{"name":"wp","href":"https:\/\/api.w.org\/{rel}","templated":true}]}}