{"id":11384,"date":"2024-02-21T08:25:35","date_gmt":"2024-02-21T08:25:35","guid":{"rendered":"https:\/\/www.siloran.com\/?page_id=11384"},"modified":"2024-02-21T08:31:12","modified_gmt":"2024-02-21T08:31:12","slug":"2024-2-21-label-foundation-seo-update","status":"publish","type":"page","link":"https:\/\/www.siloran.com\/es\/2024-2-21-label-foundation-seo-update\/","title":{"rendered":"Actualizaci\u00f3n SEO de Label Foundation, 21\/2\/2024"},"content":{"rendered":"<div data-elementor-type=\"wp-page\" data-elementor-id=\"11384\" class=\"elementor elementor-11384\" data-elementor-post-type=\"page\">\n\t\t\t\t<div class=\"elementor-element elementor-element-56a674e e-flex e-con-boxed e-con e-parent\" data-id=\"56a674e\" data-element_type=\"container\" data-e-type=\"container\">\n\t\t\t\t\t<div class=\"e-con-inner\">\n\t\t<div class=\"elementor-element elementor-element-620349c e-con-full e-flex e-con e-child\" data-id=\"620349c\" data-element_type=\"container\" data-e-type=\"container\" data-settings=\"{&quot;background_background&quot;:&quot;classic&quot;}\">\n\t\t<div class=\"elementor-element elementor-element-917c08e e-flex e-con-boxed e-con e-child\" data-id=\"917c08e\" data-element_type=\"container\" data-e-type=\"container\" data-settings=\"{&quot;background_background&quot;:&quot;classic&quot;}\">\n\t\t\t\t\t<div class=\"e-con-inner\">\n\t\t\t\t<div class=\"elementor-element elementor-element-79da6d0 elementor-widget-divider--view-line elementor-widget elementor-widget-divider\" data-id=\"79da6d0\" data-element_type=\"widget\" data-e-type=\"widget\" data-widget_type=\"divider.default\">\n\t\t\t\t<div class=\"elementor-widget-container\">\n\t\t\t\t\t\t\t<div class=\"elementor-divider\">\n\t\t\t<span class=\"elementor-divider-separator\">\n\t\t\t\t\t\t<\/span>\n\t\t<\/div>\n\t\t\t\t\t\t<\/div>\n\t\t\t\t<\/div>\n\t\t\t\t<div class=\"elementor-element elementor-element-83763ad elementor-widget elementor-widget-heading\" data-id=\"83763ad\" data-element_type=\"widget\" data-e-type=\"widget\" data-widget_type=\"heading.default\">\n\t\t\t\t<div class=\"elementor-widget-container\">\n\t\t\t\t\t<h3 class=\"elementor-heading-title elementor-size-default\">Fundaci\u00f3n Marca Blanca<\/h3>\t\t\t\t<\/div>\n\t\t\t\t<\/div>\n\t\t\t\t<div class=\"elementor-element elementor-element-26a349b elementor-widget elementor-widget-text-editor\" data-id=\"26a349b\" data-element_type=\"widget\" data-e-type=\"widget\" data-widget_type=\"text-editor.default\">\n\t\t\t\t<div class=\"elementor-widget-container\">\n\t\t\t\t\t\t\t\t\tCon el servicio de bases de maquillaje de marca blanca de Siloran, puedes personalizar tu l\u00ednea de bases con una variedad de tonos y f\u00f3rmulas que se adaptan a tu p\u00fablico objetivo. Nuestras bases de maquillaje de marca blanca est\u00e1n elaboradas con ingredientes de primera calidad y ofrecen una personalizaci\u00f3n completa para adaptarse a las necesidades de tu marca. Cont\u00e1ctanos para saber m\u00e1s sobre nuestro servicio y c\u00f3mo puede mejorar la oferta de belleza de tu marca.\t\t\t\t\t\t\t\t<\/div>\n\t\t\t\t<\/div>\n\t\t\t\t\t<\/div>\n\t\t\t\t<\/div>\n\t\t\t\t<\/div>\n\t\t<div class=\"elementor-element elementor-element-c1217dc e-con-full e-flex e-con e-child\" data-id=\"c1217dc\" data-element_type=\"container\" data-e-type=\"container\" data-settings=\"{&quot;background_background&quot;:&quot;classic&quot;}\">\n\t\t<div class=\"elementor-element elementor-element-e4cc35b e-flex e-con-boxed e-con e-child\" data-id=\"e4cc35b\" data-element_type=\"container\" data-e-type=\"container\" data-settings=\"{&quot;background_background&quot;:&quot;gradient&quot;}\">\n\t\t\t\t\t<div class=\"e-con-inner\">\n\t\t\t\t<div class=\"elementor-element elementor-element-5648f6e elementor-widget-divider--view-line elementor-widget elementor-widget-divider\" data-id=\"5648f6e\" data-element_type=\"widget\" data-e-type=\"widget\" data-widget_type=\"divider.default\">\n\t\t\t\t<div class=\"elementor-widget-container\">\n\t\t\t\t\t\t\t<div class=\"elementor-divider\">\n\t\t\t<span class=\"elementor-divider-separator\">\n\t\t\t\t\t\t<\/span>\n\t\t<\/div>\n\t\t\t\t\t\t<\/div>\n\t\t\t\t<\/div>\n\t\t\t\t<div class=\"elementor-element elementor-element-1722494 elementor-widget elementor-widget-heading\" data-id=\"1722494\" data-element_type=\"widget\" data-e-type=\"widget\" data-widget_type=\"heading.default\">\n\t\t\t\t<div class=\"elementor-widget-container\">\n\t\t\t\t\t<h3 class=\"elementor-heading-title elementor-size-default\">Fundaci\u00f3n de Marca Privada<\/h3>\t\t\t\t<\/div>\n\t\t\t\t<\/div>\n\t\t\t\t<div class=\"elementor-element elementor-element-46436e0 elementor-widget elementor-widget-text-editor\" data-id=\"46436e0\" data-element_type=\"widget\" data-e-type=\"widget\" data-widget_type=\"text-editor.default\">\n\t\t\t\t<div class=\"elementor-widget-container\">\n\t\t\t\t\t\t\t\t\tSiloran se especializa en la producci\u00f3n de bases de maquillaje de marca propia de alta calidad en un entorno limpio y sostenible. Nuestro equipo de expertos se dedica a ayudarte a crear la f\u00f3rmula perfecta que se adapte a la imagen de tu marca. Con una gama de envases y f\u00f3rmulas para elegir, puedes personalizar tu base de maquillaje seg\u00fan las necesidades de tus clientes. Colabora con nosotros y lleva tu marca al siguiente nivel.\t\t\t\t\t\t\t\t<\/div>\n\t\t\t\t<\/div>\n\t\t\t\t\t<\/div>\n\t\t\t\t<\/div>\n\t\t\t\t<\/div>\n\t\t\t\t\t<\/div>\n\t\t\t\t<\/div>\n\t\t<div class=\"elementor-element elementor-element-0e5e6d0 e-flex e-con-boxed e-con e-parent\" data-id=\"0e5e6d0\" data-element_type=\"container\" data-e-type=\"container\" data-settings=\"{&quot;background_background&quot;:&quot;gradient&quot;}\">\n\t\t\t\t\t<div class=\"e-con-inner\">\n\t\t\t\t<div class=\"elementor-element elementor-element-72610ce3 elementor-widget elementor-widget-heading\" data-id=\"72610ce3\" data-element_type=\"widget\" data-e-type=\"widget\" data-widget_type=\"heading.default\">\n\t\t\t\t<div class=\"elementor-widget-container\">\n\t\t\t\t\t<h2 class=\"elementor-heading-title elementor-size-default\">Servicio de productos de cimentaci\u00f3n personalizados<\/h2>\t\t\t\t<\/div>\n\t\t\t\t<\/div>\n\t\t\t\t<div class=\"elementor-element elementor-element-7b41cc5d elementor-widget elementor-widget-text-editor\" data-id=\"7b41cc5d\" data-element_type=\"widget\" data-e-type=\"widget\" data-widget_type=\"text-editor.default\">\n\t\t\t\t<div class=\"elementor-widget-container\">\n\t\t\t\t\t\t\t\t\tSiloran ofrece un servicio integral de productos de base personalizados y adaptados a sus necesidades y preferencias \u00fanicas. \t\t\t\t\t\t\t\t<\/div>\n\t\t\t\t<\/div>\n\t\t<div class=\"elementor-element elementor-element-5fb68f6 e-grid e-con-boxed e-con e-child\" data-id=\"5fb68f6\" data-element_type=\"container\" data-e-type=\"container\">\n\t\t\t\t\t<div class=\"e-con-inner\">\n\t\t\t\t<div class=\"elementor-element elementor-element-aed903b elementor-position-top elementor-widget elementor-widget-image-box\" data-id=\"aed903b\" data-element_type=\"widget\" data-e-type=\"widget\" data-widget_type=\"image-box.default\">\n\t\t\t\t<div class=\"elementor-widget-container\">\n\t\t\t\t\t<div class=\"elementor-image-box-wrapper\"><figure class=\"elementor-image-box-img\"><img fetchpriority=\"high\" decoding=\"async\" width=\"600\" height=\"600\" src=\"https:\/\/www.siloran.com\/wp-content\/uploads\/2022\/09\/P02_3_2_tab2_Liquid.webp\" class=\"attachment-full size-full wp-image-6288\" alt=\"base l\u00edquida\" srcset=\"https:\/\/www.siloran.com\/wp-content\/uploads\/2022\/09\/P02_3_2_tab2_Liquid.webp 600w, https:\/\/www.siloran.com\/wp-content\/uploads\/2022\/09\/P02_3_2_tab2_Liquid-300x300.webp 300w, https:\/\/www.siloran.com\/wp-content\/uploads\/2022\/09\/P02_3_2_tab2_Liquid-150x150.webp 150w\" sizes=\"(max-width: 600px) 100vw, 600px\" \/><\/figure><div class=\"elementor-image-box-content\"><h3 class=\"elementor-image-box-title\">Personalizar los colores del tono de piel<\/h3><p class=\"elementor-image-box-description\">Entendemos la importancia de atender diversos tonos de piel y ofrecemos una amplia gama de opciones de color para combinar con varios tonos de piel.<\/p><\/div><\/div>\t\t\t\t<\/div>\n\t\t\t\t<\/div>\n\t\t\t\t<div class=\"elementor-element elementor-element-a358f35 elementor-position-top elementor-widget elementor-widget-image-box\" data-id=\"a358f35\" data-element_type=\"widget\" data-e-type=\"widget\" data-widget_type=\"image-box.default\">\n\t\t\t\t<div class=\"elementor-widget-container\">\n\t\t\t\t\t<div class=\"elementor-image-box-wrapper\"><figure class=\"elementor-image-box-img\"><img decoding=\"async\" width=\"695\" height=\"695\" src=\"https:\/\/www.siloran.com\/wp-content\/uploads\/2024\/02\/various-foundation-form.jpg\" class=\"attachment-full size-full wp-image-11388\" alt=\"Varias formas de fundaci\u00f3n\" srcset=\"https:\/\/www.siloran.com\/wp-content\/uploads\/2024\/02\/various-foundation-form.jpg 695w, https:\/\/www.siloran.com\/wp-content\/uploads\/2024\/02\/various-foundation-form-300x300.jpg 300w, https:\/\/www.siloran.com\/wp-content\/uploads\/2024\/02\/various-foundation-form-150x150.jpg 150w, https:\/\/www.siloran.com\/wp-content\/uploads\/2024\/02\/various-foundation-form-600x600.jpg 600w\" sizes=\"(max-width: 695px) 100vw, 695px\" \/><\/figure><div class=\"elementor-image-box-content\"><h3 class=\"elementor-image-box-title\">Varias opciones de formulario<\/h3><p class=\"elementor-image-box-description\">Ya sea que prefieras una base l\u00edquida, en polvo o en crema, ofrecemos opciones de personalizaci\u00f3n para crear la f\u00f3rmula perfecta para tu producto de base personalizado.<\/p><\/div><\/div>\t\t\t\t<\/div>\n\t\t\t\t<\/div>\n\t\t\t\t<div class=\"elementor-element elementor-element-cb40404 elementor-position-top elementor-widget elementor-widget-image-box\" data-id=\"cb40404\" data-element_type=\"widget\" data-e-type=\"widget\" data-widget_type=\"image-box.default\">\n\t\t\t\t<div class=\"elementor-widget-container\">\n\t\t\t\t\t<div class=\"elementor-image-box-wrapper\"><figure class=\"elementor-image-box-img\"><img decoding=\"async\" width=\"600\" height=\"600\" src=\"https:\/\/www.siloran.com\/wp-content\/uploads\/2022\/09\/P02_3_2_S05_case3.webp\" class=\"attachment-full size-full wp-image-6686\" alt=\"Base de protecci\u00f3n solar con protecci\u00f3n UV\" srcset=\"https:\/\/www.siloran.com\/wp-content\/uploads\/2022\/09\/P02_3_2_S05_case3.webp 600w, https:\/\/www.siloran.com\/wp-content\/uploads\/2022\/09\/P02_3_2_S05_case3-300x300.webp 300w, https:\/\/www.siloran.com\/wp-content\/uploads\/2022\/09\/P02_3_2_S05_case3-150x150.webp 150w\" sizes=\"(max-width: 600px) 100vw, 600px\" \/><\/figure><div class=\"elementor-image-box-content\"><h3 class=\"elementor-image-box-title\">Soluciones de embalaje personalizadas<\/h3><p class=\"elementor-image-box-description\"> Desde botellas con bomba hasta compactos acolchados y tubos dobles, ofrecemos una variedad de opciones de empaque que se adaptan a sus preferencias y pautas de marca. <\/p><\/div><\/div>\t\t\t\t<\/div>\n\t\t\t\t<\/div>\n\t\t\t\t<div class=\"elementor-element elementor-element-1dbccf5 elementor-position-top elementor-widget elementor-widget-image-box\" data-id=\"1dbccf5\" data-element_type=\"widget\" data-e-type=\"widget\" data-widget_type=\"image-box.default\">\n\t\t\t\t<div class=\"elementor-widget-container\">\n\t\t\t\t\t<div class=\"elementor-image-box-wrapper\"><figure class=\"elementor-image-box-img\"><img loading=\"lazy\" decoding=\"async\" width=\"729\" height=\"729\" src=\"https:\/\/www.siloran.com\/wp-content\/uploads\/2024\/02\/private-label-foundation.jpg\" class=\"attachment-full size-full wp-image-11389\" alt=\"Cosm\u00e9ticos de marca privada\" srcset=\"https:\/\/www.siloran.com\/wp-content\/uploads\/2024\/02\/private-label-foundation.jpg 729w, https:\/\/www.siloran.com\/wp-content\/uploads\/2024\/02\/private-label-foundation-300x300.jpg 300w, https:\/\/www.siloran.com\/wp-content\/uploads\/2024\/02\/private-label-foundation-150x150.jpg 150w, https:\/\/www.siloran.com\/wp-content\/uploads\/2024\/02\/private-label-foundation-600x600.jpg 600w\" sizes=\"(max-width: 729px) 100vw, 729px\" \/><\/figure><div class=\"elementor-image-box-content\"><h3 class=\"elementor-image-box-title\">Marca y etiquetado<\/h3><p class=\"elementor-image-box-description\">Ofrecemos opciones de identidad de marca personalizadas y soluciones de etiquetado para garantizar que su producto base se alinee con su identidad de marca y se ajuste a sus limitaciones presupuestarias.<\/p><\/div><\/div>\t\t\t\t<\/div>\n\t\t\t\t<\/div>\n\t\t\t\t\t<\/div>\n\t\t\t\t<\/div>\n\t\t\t\t\t<\/div>\n\t\t\t\t<\/div>\n\t\t\t\t<\/div>","protected":false},"excerpt":{"rendered":"<p>White Label Foundation With Siloran&#8217;s white label foundation service, you can customize your foundation line with a variety of shades and formulas that cater to your target audience. Our white label foundation products are crafted with top-notch ingredients and offer full customization to suit your brand\u2019s needs. Contact us to learn more about our service [&hellip;]<\/p>","protected":false},"author":2,"featured_media":0,"parent":0,"menu_order":0,"comment_status":"closed","ping_status":"closed","template":"","meta":{"_acf_changed":false,"two_page_speed":[],"footnotes":""},"class_list":["post-11384","page","type-page","status-publish","hentry"],"acf":[],"yoast_head":"<!-- This site is optimized with the Yoast SEO plugin v27.4 - https:\/\/yoast.com\/product\/yoast-seo-wordpress\/ -->\n<title>2024\/2\/21 Label Foundation SEO Update - Siloran<\/title>\n<meta name=\"robots\" content=\"index, follow, max-snippet:-1, max-image-preview:large, max-video-preview:-1\" \/>\n<link rel=\"canonical\" href=\"https:\/\/www.siloran.com\/es\/2024-2-21-label-foundation-seo-update\/\" \/>\n<meta property=\"og:locale\" content=\"es_ES\" \/>\n<meta property=\"og:type\" content=\"article\" \/>\n<meta property=\"og:title\" content=\"2024\/2\/21 Label Foundation SEO Update - Siloran\" \/>\n<meta property=\"og:description\" content=\"White Label Foundation With Siloran&#8217;s white label foundation service, you can customize your foundation line with a variety of shades and formulas that cater to your target audience. Our white label foundation products are crafted with top-notch ingredients and offer full customization to suit your brand\u2019s needs. Contact us to learn more about our service [&hellip;]\" \/>\n<meta property=\"og:url\" content=\"https:\/\/www.siloran.com\/es\/2024-2-21-label-foundation-seo-update\/\" \/>\n<meta property=\"og:site_name\" content=\"Siloran\" \/>\n<meta property=\"article:modified_time\" content=\"2024-02-21T08:31:12+00:00\" \/>\n<meta property=\"og:image\" content=\"http:\/\/www.siloran.com\/wp-content\/uploads\/2022\/09\/P02_3_2_tab2_Liquid.webp\" \/>\n<meta name=\"twitter:card\" content=\"summary_large_image\" \/>\n<meta name=\"twitter:label1\" content=\"Tiempo de lectura\" \/>\n\t<meta name=\"twitter:data1\" content=\"2 minutos\" \/>\n<script type=\"application\/ld+json\" class=\"yoast-schema-graph\">{\"@context\":\"https:\\\/\\\/schema.org\",\"@graph\":[{\"@type\":\"WebPage\",\"@id\":\"https:\\\/\\\/www.siloran.com\\\/2024-2-21-label-foundation-seo-update\\\/\",\"url\":\"https:\\\/\\\/www.siloran.com\\\/2024-2-21-label-foundation-seo-update\\\/\",\"name\":\"2024\\\/2\\\/21 Label Foundation SEO Update - Siloran\",\"isPartOf\":{\"@id\":\"https:\\\/\\\/www.siloran.com\\\/#website\"},\"primaryImageOfPage\":{\"@id\":\"https:\\\/\\\/www.siloran.com\\\/2024-2-21-label-foundation-seo-update\\\/#primaryimage\"},\"image\":{\"@id\":\"https:\\\/\\\/www.siloran.com\\\/2024-2-21-label-foundation-seo-update\\\/#primaryimage\"},\"thumbnailUrl\":\"http:\\\/\\\/www.siloran.com\\\/wp-content\\\/uploads\\\/2022\\\/09\\\/P02_3_2_tab2_Liquid.webp\",\"datePublished\":\"2024-02-21T08:25:35+00:00\",\"dateModified\":\"2024-02-21T08:31:12+00:00\",\"breadcrumb\":{\"@id\":\"https:\\\/\\\/www.siloran.com\\\/2024-2-21-label-foundation-seo-update\\\/#breadcrumb\"},\"inLanguage\":\"es\",\"potentialAction\":[{\"@type\":\"ReadAction\",\"target\":[\"https:\\\/\\\/www.siloran.com\\\/2024-2-21-label-foundation-seo-update\\\/\"]}]},{\"@type\":\"ImageObject\",\"inLanguage\":\"es\",\"@id\":\"https:\\\/\\\/www.siloran.com\\\/2024-2-21-label-foundation-seo-update\\\/#primaryimage\",\"url\":\"http:\\\/\\\/www.siloran.com\\\/wp-content\\\/uploads\\\/2022\\\/09\\\/P02_3_2_tab2_Liquid.webp\",\"contentUrl\":\"http:\\\/\\\/www.siloran.com\\\/wp-content\\\/uploads\\\/2022\\\/09\\\/P02_3_2_tab2_Liquid.webp\"},{\"@type\":\"BreadcrumbList\",\"@id\":\"https:\\\/\\\/www.siloran.com\\\/2024-2-21-label-foundation-seo-update\\\/#breadcrumb\",\"itemListElement\":[{\"@type\":\"ListItem\",\"position\":1,\"name\":\"\u9996\u9875\",\"item\":\"https:\\\/\\\/www.siloran.com\\\/\"},{\"@type\":\"ListItem\",\"position\":2,\"name\":\"2024\\\/2\\\/21 Label Foundation SEO Update\"}]},{\"@type\":\"WebSite\",\"@id\":\"https:\\\/\\\/www.siloran.com\\\/#website\",\"url\":\"https:\\\/\\\/www.siloran.com\\\/\",\"name\":\"Siloran\",\"description\":\"\",\"potentialAction\":[{\"@type\":\"SearchAction\",\"target\":{\"@type\":\"EntryPoint\",\"urlTemplate\":\"https:\\\/\\\/www.siloran.com\\\/?s={search_term_string}\"},\"query-input\":{\"@type\":\"PropertyValueSpecification\",\"valueRequired\":true,\"valueName\":\"search_term_string\"}}],\"inLanguage\":\"es\"}]}<\/script>\n<!-- \/ Yoast SEO plugin. -->","yoast_head_json":{"title":"2024\/2\/21 Label Foundation SEO Update - Siloran","robots":{"index":"index","follow":"follow","max-snippet":"max-snippet:-1","max-image-preview":"max-image-preview:large","max-video-preview":"max-video-preview:-1"},"canonical":"https:\/\/www.siloran.com\/es\/2024-2-21-label-foundation-seo-update\/","og_locale":"es_ES","og_type":"article","og_title":"2024\/2\/21 Label Foundation SEO Update - Siloran","og_description":"White Label Foundation With Siloran&#8217;s white label foundation service, you can customize your foundation line with a variety of shades and formulas that cater to your target audience. Our white label foundation products are crafted with top-notch ingredients and offer full customization to suit your brand\u2019s needs. Contact us to learn more about our service [&hellip;]","og_url":"https:\/\/www.siloran.com\/es\/2024-2-21-label-foundation-seo-update\/","og_site_name":"Siloran","article_modified_time":"2024-02-21T08:31:12+00:00","og_image":[{"url":"http:\/\/www.siloran.com\/wp-content\/uploads\/2022\/09\/P02_3_2_tab2_Liquid.webp","type":"","width":"","height":""}],"twitter_card":"summary_large_image","twitter_misc":{"Tiempo de lectura":"2 minutos"},"schema":{"@context":"https:\/\/schema.org","@graph":[{"@type":"WebPage","@id":"https:\/\/www.siloran.com\/2024-2-21-label-foundation-seo-update\/","url":"https:\/\/www.siloran.com\/2024-2-21-label-foundation-seo-update\/","name":"2024\/2\/21 Label Foundation SEO Update - Siloran","isPartOf":{"@id":"https:\/\/www.siloran.com\/#website"},"primaryImageOfPage":{"@id":"https:\/\/www.siloran.com\/2024-2-21-label-foundation-seo-update\/#primaryimage"},"image":{"@id":"https:\/\/www.siloran.com\/2024-2-21-label-foundation-seo-update\/#primaryimage"},"thumbnailUrl":"http:\/\/www.siloran.com\/wp-content\/uploads\/2022\/09\/P02_3_2_tab2_Liquid.webp","datePublished":"2024-02-21T08:25:35+00:00","dateModified":"2024-02-21T08:31:12+00:00","breadcrumb":{"@id":"https:\/\/www.siloran.com\/2024-2-21-label-foundation-seo-update\/#breadcrumb"},"inLanguage":"es","potentialAction":[{"@type":"ReadAction","target":["https:\/\/www.siloran.com\/2024-2-21-label-foundation-seo-update\/"]}]},{"@type":"ImageObject","inLanguage":"es","@id":"https:\/\/www.siloran.com\/2024-2-21-label-foundation-seo-update\/#primaryimage","url":"http:\/\/www.siloran.com\/wp-content\/uploads\/2022\/09\/P02_3_2_tab2_Liquid.webp","contentUrl":"http:\/\/www.siloran.com\/wp-content\/uploads\/2022\/09\/P02_3_2_tab2_Liquid.webp"},{"@type":"BreadcrumbList","@id":"https:\/\/www.siloran.com\/2024-2-21-label-foundation-seo-update\/#breadcrumb","itemListElement":[{"@type":"ListItem","position":1,"name":"\u9996\u9875","item":"https:\/\/www.siloran.com\/"},{"@type":"ListItem","position":2,"name":"2024\/2\/21 Label Foundation SEO Update"}]},{"@type":"WebSite","@id":"https:\/\/www.siloran.com\/#website","url":"https:\/\/www.siloran.com\/","name":"Siloran","description":"","potentialAction":[{"@type":"SearchAction","target":{"@type":"EntryPoint","urlTemplate":"https:\/\/www.siloran.com\/?s={search_term_string}"},"query-input":{"@type":"PropertyValueSpecification","valueRequired":true,"valueName":"search_term_string"}}],"inLanguage":"es"}]}},"_links":{"self":[{"href":"https:\/\/www.siloran.com\/es\/wp-json\/wp\/v2\/pages\/11384","targetHints":{"allow":["GET"]}}],"collection":[{"href":"https:\/\/www.siloran.com\/es\/wp-json\/wp\/v2\/pages"}],"about":[{"href":"https:\/\/www.siloran.com\/es\/wp-json\/wp\/v2\/types\/page"}],"author":[{"embeddable":true,"href":"https:\/\/www.siloran.com\/es\/wp-json\/wp\/v2\/users\/2"}],"replies":[{"embeddable":true,"href":"https:\/\/www.siloran.com\/es\/wp-json\/wp\/v2\/comments?post=11384"}],"version-history":[{"count":0,"href":"https:\/\/www.siloran.com\/es\/wp-json\/wp\/v2\/pages\/11384\/revisions"}],"wp:attachment":[{"href":"https:\/\/www.siloran.com\/es\/wp-json\/wp\/v2\/media?parent=11384"}],"curies":[{"name":"wp","href":"https:\/\/api.w.org\/{rel}","templated":true}]}}