{"id":10031,"date":"2022-11-04T01:39:45","date_gmt":"2022-11-04T01:39:45","guid":{"rendered":"http:\/\/www.siloran.com\/?page_id=10031"},"modified":"2023-07-14T21:39:01","modified_gmt":"2023-07-14T21:39:01","slug":"thank-you-page","status":"publish","type":"page","link":"https:\/\/www.siloran.com\/fr\/thank-you-page\/","title":{"rendered":"Page de remerciement"},"content":{"rendered":"<div data-elementor-type=\"wp-page\" data-elementor-id=\"10031\" class=\"elementor elementor-10031\" data-elementor-post-type=\"page\">\n\t\t\t\t\t\t<section class=\"elementor-section elementor-top-section elementor-element elementor-element-7c0a9b79 elementor-section-content-middle elementor-section-height-min-height elementor-section-boxed elementor-section-height-default elementor-section-items-middle\" data-id=\"7c0a9b79\" data-element_type=\"section\" data-e-type=\"section\" data-settings=\"{&quot;background_background&quot;:&quot;classic&quot;}\">\n\t\t\t\t\t\t<div class=\"elementor-container elementor-column-gap-default\">\n\t\t\t\t\t<div class=\"elementor-column elementor-col-100 elementor-top-column elementor-element elementor-element-3b2d7da3\" data-id=\"3b2d7da3\" data-element_type=\"column\" data-e-type=\"column\">\n\t\t\t<div class=\"elementor-widget-wrap elementor-element-populated\">\n\t\t\t\t\t\t<div class=\"elementor-element elementor-element-7839d69c elementor-widget elementor-widget-image\" data-id=\"7839d69c\" data-element_type=\"widget\" data-e-type=\"widget\" data-widget_type=\"image.default\">\n\t\t\t\t<div class=\"elementor-widget-container\">\n\t\t\t\t\t\t\t\t\t\t\t\t\t\t\t<img decoding=\"async\" src=\"https:\/\/www.siloran.com\/wp-content\/uploads\/elementor\/thumbs\/thank-you-px71n8l8x005lw8rtej7u2qhoq8ln1yvzzekz3bte0.webp\" title=\"merci\" alt=\"merci\" loading=\"lazy\" \/>\t\t\t\t\t\t\t\t\t\t\t\t\t\t\t<\/div>\n\t\t\t\t<\/div>\n\t\t\t\t<div class=\"elementor-element elementor-element-4037bc11 elementor-widget elementor-widget-heading\" data-id=\"4037bc11\" data-element_type=\"widget\" data-e-type=\"widget\" data-widget_type=\"heading.default\">\n\t\t\t\t<div class=\"elementor-widget-container\">\n\t\t\t\t\t<h4 class=\"elementor-heading-title elementor-size-default\">Merci!<\/h4>\t\t\t\t<\/div>\n\t\t\t\t<\/div>\n\t\t\t\t<div class=\"elementor-element elementor-element-5b71a51 elementor-widget-divider--view-line elementor-widget elementor-widget-divider\" data-id=\"5b71a51\" data-element_type=\"widget\" data-e-type=\"widget\" data-widget_type=\"divider.default\">\n\t\t\t\t<div class=\"elementor-widget-container\">\n\t\t\t\t\t\t\t<div class=\"elementor-divider\">\n\t\t\t<span class=\"elementor-divider-separator\">\n\t\t\t\t\t\t<\/span>\n\t\t<\/div>\n\t\t\t\t\t\t<\/div>\n\t\t\t\t<\/div>\n\t\t\t\t<div class=\"elementor-element elementor-element-1062aaaf elementor-widget elementor-widget-text-editor\" data-id=\"1062aaaf\" data-element_type=\"widget\" data-e-type=\"widget\" data-widget_type=\"text-editor.default\">\n\t\t\t\t<div class=\"elementor-widget-container\">\n\t\t\t\t\t\t\t\t\t<p>Nous avons bien re\u00e7u votre demande. Nous vous r\u00e9pondrons avec la m\u00eame urgence que nous avons pour la fabrication de vos produits. Un membre de notre \u00e9quipe vous contactera prochainement pour vous aider.<\/p>\t\t\t\t\t\t\t\t<\/div>\n\t\t\t\t<\/div>\n\t\t\t\t<div class=\"elementor-element elementor-element-2c8120a6 elementor-align-center elementor-widget elementor-widget-button\" data-id=\"2c8120a6\" data-element_type=\"widget\" data-e-type=\"widget\" data-widget_type=\"button.default\">\n\t\t\t\t<div class=\"elementor-widget-container\">\n\t\t\t\t\t\t\t\t\t<div class=\"elementor-button-wrapper\">\n\t\t\t\t\t<a class=\"elementor-button elementor-button-link elementor-size-sm elementor-animation-float\" href=\"#\">\n\t\t\t\t\t\t<span class=\"elementor-button-content-wrapper\">\n\t\t\t\t\t\t\t\t\t<span class=\"elementor-button-text\">Retour \u00e0 la maison<\/span>\n\t\t\t\t\t<\/span>\n\t\t\t\t\t<\/a>\n\t\t\t\t<\/div>\n\t\t\t\t\t\t\t\t<\/div>\n\t\t\t\t<\/div>\n\t\t\t\t\t<\/div>\n\t\t<\/div>\n\t\t\t\t\t<\/div>\n\t\t<\/section>\n\t\t\t\t<\/div>","protected":false},"excerpt":{"rendered":"<p>Merci ! Nous avons bien re\u00e7u votre demande. Nous vous r\u00e9pondrons avec la m\u00eame urgence que nous avons pour la fabrication de vos produits. Un membre de notre \u00e9quipe vous contactera prochainement pour vous aider. Retour \u00e0 l&#039;accueil<\/p>","protected":false},"author":2,"featured_media":0,"parent":0,"menu_order":0,"comment_status":"closed","ping_status":"closed","template":"","meta":{"_acf_changed":false,"two_page_speed":[],"footnotes":""},"class_list":["post-10031","page","type-page","status-publish","hentry"],"acf":[],"yoast_head":"<!-- This site is optimized with the Yoast SEO plugin v27.5 - https:\/\/yoast.com\/product\/yoast-seo-wordpress\/ -->\n<title>Thank you page - Siloran<\/title>\n<meta name=\"robots\" content=\"index, follow, max-snippet:-1, max-image-preview:large, max-video-preview:-1\" \/>\n<link rel=\"canonical\" href=\"https:\/\/www.siloran.com\/fr\/thank-you-page\/\" \/>\n<meta property=\"og:locale\" content=\"fr_FR\" \/>\n<meta property=\"og:type\" content=\"article\" \/>\n<meta property=\"og:title\" content=\"Thank you page - Siloran\" \/>\n<meta property=\"og:description\" content=\"Thanks\uff01 We&#8217;ve received your inquiry. Expect us to follow up with the same sense of urgency that we manufacture your products. A member of the our team will soon reach out to assist you. Back To Home\" \/>\n<meta property=\"og:url\" content=\"https:\/\/www.siloran.com\/fr\/thank-you-page\/\" \/>\n<meta property=\"og:site_name\" content=\"Siloran\" \/>\n<meta property=\"article:modified_time\" content=\"2023-07-14T21:39:01+00:00\" \/>\n<meta property=\"og:image\" content=\"http:\/\/www.siloran.com\/wp-content\/uploads\/elementor\/thumbs\/thank-you-px71n8l8x005lw8rtej7u2qhoq8ln1yvzzekz3bte0.webp\" \/>\n<meta name=\"twitter:card\" content=\"summary_large_image\" \/>\n<meta name=\"twitter:label1\" content=\"Dur\u00e9e de lecture estim\u00e9e\" \/>\n\t<meta name=\"twitter:data1\" content=\"1 minute\" \/>\n<script type=\"application\/ld+json\" class=\"yoast-schema-graph\">{\"@context\":\"https:\\\/\\\/schema.org\",\"@graph\":[{\"@type\":\"WebPage\",\"@id\":\"https:\\\/\\\/www.siloran.com\\\/thank-you-page\\\/\",\"url\":\"https:\\\/\\\/www.siloran.com\\\/thank-you-page\\\/\",\"name\":\"Thank you page - Siloran\",\"isPartOf\":{\"@id\":\"https:\\\/\\\/www.siloran.com\\\/#website\"},\"primaryImageOfPage\":{\"@id\":\"https:\\\/\\\/www.siloran.com\\\/thank-you-page\\\/#primaryimage\"},\"image\":{\"@id\":\"https:\\\/\\\/www.siloran.com\\\/thank-you-page\\\/#primaryimage\"},\"thumbnailUrl\":\"http:\\\/\\\/www.siloran.com\\\/wp-content\\\/uploads\\\/elementor\\\/thumbs\\\/thank-you-px71n8l8x005lw8rtej7u2qhoq8ln1yvzzekz3bte0.webp\",\"datePublished\":\"2022-11-04T01:39:45+00:00\",\"dateModified\":\"2023-07-14T21:39:01+00:00\",\"breadcrumb\":{\"@id\":\"https:\\\/\\\/www.siloran.com\\\/thank-you-page\\\/#breadcrumb\"},\"inLanguage\":\"fr-FR\",\"potentialAction\":[{\"@type\":\"ReadAction\",\"target\":[\"https:\\\/\\\/www.siloran.com\\\/thank-you-page\\\/\"]}]},{\"@type\":\"ImageObject\",\"inLanguage\":\"fr-FR\",\"@id\":\"https:\\\/\\\/www.siloran.com\\\/thank-you-page\\\/#primaryimage\",\"url\":\"http:\\\/\\\/www.siloran.com\\\/wp-content\\\/uploads\\\/elementor\\\/thumbs\\\/thank-you-px71n8l8x005lw8rtej7u2qhoq8ln1yvzzekz3bte0.webp\",\"contentUrl\":\"http:\\\/\\\/www.siloran.com\\\/wp-content\\\/uploads\\\/elementor\\\/thumbs\\\/thank-you-px71n8l8x005lw8rtej7u2qhoq8ln1yvzzekz3bte0.webp\"},{\"@type\":\"BreadcrumbList\",\"@id\":\"https:\\\/\\\/www.siloran.com\\\/thank-you-page\\\/#breadcrumb\",\"itemListElement\":[{\"@type\":\"ListItem\",\"position\":1,\"name\":\"\u9996\u9875\",\"item\":\"https:\\\/\\\/www.siloran.com\\\/\"},{\"@type\":\"ListItem\",\"position\":2,\"name\":\"Thank you page\"}]},{\"@type\":\"WebSite\",\"@id\":\"https:\\\/\\\/www.siloran.com\\\/#website\",\"url\":\"https:\\\/\\\/www.siloran.com\\\/\",\"name\":\"Siloran\",\"description\":\"\",\"potentialAction\":[{\"@type\":\"SearchAction\",\"target\":{\"@type\":\"EntryPoint\",\"urlTemplate\":\"https:\\\/\\\/www.siloran.com\\\/?s={search_term_string}\"},\"query-input\":{\"@type\":\"PropertyValueSpecification\",\"valueRequired\":true,\"valueName\":\"search_term_string\"}}],\"inLanguage\":\"fr-FR\"}]}<\/script>\n<!-- \/ Yoast SEO plugin. -->","yoast_head_json":{"title":"Thank you page - Siloran","robots":{"index":"index","follow":"follow","max-snippet":"max-snippet:-1","max-image-preview":"max-image-preview:large","max-video-preview":"max-video-preview:-1"},"canonical":"https:\/\/www.siloran.com\/fr\/thank-you-page\/","og_locale":"fr_FR","og_type":"article","og_title":"Thank you page - Siloran","og_description":"Thanks\uff01 We&#8217;ve received your inquiry. Expect us to follow up with the same sense of urgency that we manufacture your products. A member of the our team will soon reach out to assist you. Back To Home","og_url":"https:\/\/www.siloran.com\/fr\/thank-you-page\/","og_site_name":"Siloran","article_modified_time":"2023-07-14T21:39:01+00:00","og_image":[{"url":"http:\/\/www.siloran.com\/wp-content\/uploads\/elementor\/thumbs\/thank-you-px71n8l8x005lw8rtej7u2qhoq8ln1yvzzekz3bte0.webp","type":"","width":"","height":""}],"twitter_card":"summary_large_image","twitter_misc":{"Dur\u00e9e de lecture estim\u00e9e":"1 minute"},"schema":{"@context":"https:\/\/schema.org","@graph":[{"@type":"WebPage","@id":"https:\/\/www.siloran.com\/thank-you-page\/","url":"https:\/\/www.siloran.com\/thank-you-page\/","name":"Thank you page - Siloran","isPartOf":{"@id":"https:\/\/www.siloran.com\/#website"},"primaryImageOfPage":{"@id":"https:\/\/www.siloran.com\/thank-you-page\/#primaryimage"},"image":{"@id":"https:\/\/www.siloran.com\/thank-you-page\/#primaryimage"},"thumbnailUrl":"http:\/\/www.siloran.com\/wp-content\/uploads\/elementor\/thumbs\/thank-you-px71n8l8x005lw8rtej7u2qhoq8ln1yvzzekz3bte0.webp","datePublished":"2022-11-04T01:39:45+00:00","dateModified":"2023-07-14T21:39:01+00:00","breadcrumb":{"@id":"https:\/\/www.siloran.com\/thank-you-page\/#breadcrumb"},"inLanguage":"fr-FR","potentialAction":[{"@type":"ReadAction","target":["https:\/\/www.siloran.com\/thank-you-page\/"]}]},{"@type":"ImageObject","inLanguage":"fr-FR","@id":"https:\/\/www.siloran.com\/thank-you-page\/#primaryimage","url":"http:\/\/www.siloran.com\/wp-content\/uploads\/elementor\/thumbs\/thank-you-px71n8l8x005lw8rtej7u2qhoq8ln1yvzzekz3bte0.webp","contentUrl":"http:\/\/www.siloran.com\/wp-content\/uploads\/elementor\/thumbs\/thank-you-px71n8l8x005lw8rtej7u2qhoq8ln1yvzzekz3bte0.webp"},{"@type":"BreadcrumbList","@id":"https:\/\/www.siloran.com\/thank-you-page\/#breadcrumb","itemListElement":[{"@type":"ListItem","position":1,"name":"\u9996\u9875","item":"https:\/\/www.siloran.com\/"},{"@type":"ListItem","position":2,"name":"Thank you page"}]},{"@type":"WebSite","@id":"https:\/\/www.siloran.com\/#website","url":"https:\/\/www.siloran.com\/","name":"Siloran","description":"","potentialAction":[{"@type":"SearchAction","target":{"@type":"EntryPoint","urlTemplate":"https:\/\/www.siloran.com\/?s={search_term_string}"},"query-input":{"@type":"PropertyValueSpecification","valueRequired":true,"valueName":"search_term_string"}}],"inLanguage":"fr-FR"}]}},"_links":{"self":[{"href":"https:\/\/www.siloran.com\/fr\/wp-json\/wp\/v2\/pages\/10031","targetHints":{"allow":["GET"]}}],"collection":[{"href":"https:\/\/www.siloran.com\/fr\/wp-json\/wp\/v2\/pages"}],"about":[{"href":"https:\/\/www.siloran.com\/fr\/wp-json\/wp\/v2\/types\/page"}],"author":[{"embeddable":true,"href":"https:\/\/www.siloran.com\/fr\/wp-json\/wp\/v2\/users\/2"}],"replies":[{"embeddable":true,"href":"https:\/\/www.siloran.com\/fr\/wp-json\/wp\/v2\/comments?post=10031"}],"version-history":[{"count":0,"href":"https:\/\/www.siloran.com\/fr\/wp-json\/wp\/v2\/pages\/10031\/revisions"}],"wp:attachment":[{"href":"https:\/\/www.siloran.com\/fr\/wp-json\/wp\/v2\/media?parent=10031"}],"curies":[{"name":"wp","href":"https:\/\/api.w.org\/{rel}","templated":true}]}}