{"id":11205,"date":"2024-01-29T09:49:43","date_gmt":"2024-01-29T09:49:43","guid":{"rendered":"https:\/\/www.siloran.com\/?page_id=11205"},"modified":"2024-01-29T09:55:51","modified_gmt":"2024-01-29T09:55:51","slug":"elementor-11205","status":"publish","type":"page","link":"https:\/\/www.siloran.com\/fr\/elementor-11205\/","title":{"rendered":"Mise \u00e0 jour SEO du mascara du 29\/01\/2024"},"content":{"rendered":"<div data-elementor-type=\"wp-page\" data-elementor-id=\"11205\" class=\"elementor elementor-11205\" data-elementor-post-type=\"page\">\n\t\t\t\t<div class=\"elementor-element elementor-element-3cb6a9e2 e-flex e-con-boxed e-con e-parent\" data-id=\"3cb6a9e2\" data-element_type=\"container\" data-e-type=\"container\">\n\t\t\t\t\t<div class=\"e-con-inner\">\n\t\t<div class=\"elementor-element elementor-element-3153e5f1 e-con-full e-flex e-con e-child\" data-id=\"3153e5f1\" data-element_type=\"container\" data-e-type=\"container\">\n\t\t\t\t<div class=\"elementor-element elementor-element-537cf6d2 elementor-widget elementor-widget-heading\" data-id=\"537cf6d2\" data-element_type=\"widget\" data-e-type=\"widget\" data-widget_type=\"heading.default\">\n\t\t\t\t<div class=\"elementor-widget-container\">\n\t\t\t\t\t<h2 class=\"elementor-heading-title elementor-size-default\">Comment utiliser correctement le mascara ?<\/h2>\t\t\t\t<\/div>\n\t\t\t\t<\/div>\n\t\t\t\t<div class=\"elementor-element elementor-element-b5c7010 elementor-widget elementor-widget-text-editor\" data-id=\"b5c7010\" data-element_type=\"widget\" data-e-type=\"widget\" data-widget_type=\"text-editor.default\">\n\t\t\t\t<div class=\"elementor-widget-container\">\n\t\t\t\t\t\t\t\t\t<p>Apprenez \u00e0 <a href=\"https:\/\/www.siloran.com\/fr\/a-101-guide-to-applying-mascara\/\">appliquer le mascara<\/a> pas \u00e0 pas.<\/p>\t\t\t\t\t\t\t\t<\/div>\n\t\t\t\t<\/div>\n\t\t<div class=\"elementor-element elementor-element-6a356bc9 e-flex e-con-boxed e-con e-child\" data-id=\"6a356bc9\" data-element_type=\"container\" data-e-type=\"container\">\n\t\t\t\t\t<div class=\"e-con-inner\">\n\t\t<div class=\"elementor-element elementor-element-586aa23e e-flex e-con-boxed e-con e-child\" data-id=\"586aa23e\" data-element_type=\"container\" data-e-type=\"container\">\n\t\t\t\t\t<div class=\"e-con-inner\">\n\t\t\t\t<div class=\"elementor-element elementor-element-5507c834 elementor-widget elementor-widget-text-editor\" data-id=\"5507c834\" data-element_type=\"widget\" data-e-type=\"widget\" data-widget_type=\"text-editor.default\">\n\t\t\t\t<div class=\"elementor-widget-container\">\n\t\t\t\t\t\t\t\t\t<p><strong>1.<\/strong> Recourbez vos cils avec un recourbe-cils.<\/p>\t\t\t\t\t\t\t\t<\/div>\n\t\t\t\t<\/div>\n\t\t\t\t<div class=\"elementor-element elementor-element-32ef09a0 elementor-widget elementor-widget-text-editor\" data-id=\"32ef09a0\" data-element_type=\"widget\" data-e-type=\"widget\" data-widget_type=\"text-editor.default\">\n\t\t\t\t<div class=\"elementor-widget-container\">\n\t\t\t\t\t\t\t\t\t<p><strong>2.<\/strong> Retirez l&#039;exc\u00e9dent de produit de la brosse \u00e0 mascara.<\/p>\t\t\t\t\t\t\t\t<\/div>\n\t\t\t\t<\/div>\n\t\t\t\t<div class=\"elementor-element elementor-element-54080682 elementor-widget elementor-widget-text-editor\" data-id=\"54080682\" data-element_type=\"widget\" data-e-type=\"widget\" data-widget_type=\"text-editor.default\">\n\t\t\t\t<div class=\"elementor-widget-container\">\n\t\t\t\t\t\t\t\t\t<p><strong>3.<\/strong> Appliquez le mascara de la base jusqu&#039;\u00e0 la pointe de vos cils avec un mouvement en zigzag.<\/p>\t\t\t\t\t\t\t\t<\/div>\n\t\t\t\t<\/div>\n\t\t\t\t<div class=\"elementor-element elementor-element-2fcc4064 elementor-widget elementor-widget-text-editor\" data-id=\"2fcc4064\" data-element_type=\"widget\" data-e-type=\"widget\" data-widget_type=\"text-editor.default\">\n\t\t\t\t<div class=\"elementor-widget-container\">\n\t\t\t\t\t\t\t\t\t<p><strong>4.<\/strong> Ajoutez plus de volume en appliquant une couche suppl\u00e9mentaire au niveau des racines.<\/p>\t\t\t\t\t\t\t\t<\/div>\n\t\t\t\t<\/div>\n\t\t\t\t<div class=\"elementor-element elementor-element-19df1425 elementor-widget elementor-widget-text-editor\" data-id=\"19df1425\" data-element_type=\"widget\" data-e-type=\"widget\" data-widget_type=\"text-editor.default\">\n\t\t\t\t<div class=\"elementor-widget-container\">\n\t\t\t\t\t\t\t\t\t<p><strong>5.<\/strong> Enduisez l\u00e9g\u00e8rement vos cils inf\u00e9rieurs.<\/p>\t\t\t\t\t\t\t\t<\/div>\n\t\t\t\t<\/div>\n\t\t\t\t<div class=\"elementor-element elementor-element-5bf2e56b elementor-widget elementor-widget-text-editor\" data-id=\"5bf2e56b\" data-element_type=\"widget\" data-e-type=\"widget\" data-widget_type=\"text-editor.default\">\n\t\t\t\t<div class=\"elementor-widget-container\">\n\t\t\t\t\t\t\t\t\t<p><strong>6.<\/strong> Utilisez une brosse spoolie pour s\u00e9parer les grumeaux.<\/p>\t\t\t\t\t\t\t\t<\/div>\n\t\t\t\t<\/div>\n\t\t\t\t<div class=\"elementor-element elementor-element-bd3d0bf elementor-widget elementor-widget-text-editor\" data-id=\"bd3d0bf\" data-element_type=\"widget\" data-e-type=\"widget\" data-widget_type=\"text-editor.default\">\n\t\t\t\t<div class=\"elementor-widget-container\">\n\t\t\t\t\t\t\t\t\t<p><strong>7.<\/strong> Laissez s\u00e9cher le mascara avant d\u2019ouvrir compl\u00e8tement les yeux.<\/p>\t\t\t\t\t\t\t\t<\/div>\n\t\t\t\t<\/div>\n\t\t\t\t\t<\/div>\n\t\t\t\t<\/div>\n\t\t\t\t\t<\/div>\n\t\t\t\t<\/div>\n\t\t\t\t<\/div>\n\t\t<div class=\"elementor-element elementor-element-17c814bb e-con-full e-flex e-con e-child\" data-id=\"17c814bb\" data-element_type=\"container\" data-e-type=\"container\">\n\t\t\t\t<div class=\"elementor-element elementor-element-7d450e1b elementor-widget elementor-widget-image\" data-id=\"7d450e1b\" data-element_type=\"widget\" data-e-type=\"widget\" data-widget_type=\"image.default\">\n\t\t\t\t<div class=\"elementor-widget-container\">\n\t\t\t\t\t\t\t\t\t\t\t\t\t\t\t<img fetchpriority=\"high\" decoding=\"async\" width=\"768\" height=\"750\" src=\"https:\/\/www.siloran.com\/wp-content\/uploads\/2024\/01\/applying-mascara-1-e1708509211454.jpg\" class=\"attachment-large size-large wp-image-11208\" alt=\"appliquer du mascara\" srcset=\"https:\/\/www.siloran.com\/wp-content\/uploads\/2024\/01\/applying-mascara-1-e1708509211454.jpg 768w, https:\/\/www.siloran.com\/wp-content\/uploads\/2024\/01\/applying-mascara-1-e1708509211454-300x293.jpg 300w, https:\/\/www.siloran.com\/wp-content\/uploads\/2024\/01\/applying-mascara-1-e1708509211454-600x586.jpg 600w\" sizes=\"(max-width: 768px) 100vw, 768px\" \/>\t\t\t\t\t\t\t\t\t\t\t\t\t\t\t<\/div>\n\t\t\t\t<\/div>\n\t\t\t\t<\/div>\n\t\t\t\t\t<\/div>\n\t\t\t\t<\/div>\n\t\t<div class=\"elementor-element elementor-element-ecc7ee7 e-flex e-con-boxed e-con e-parent\" data-id=\"ecc7ee7\" data-element_type=\"container\" data-e-type=\"container\" data-settings=\"{&quot;background_background&quot;:&quot;classic&quot;}\">\n\t\t\t\t\t<div class=\"e-con-inner\">\n\t\t<div class=\"elementor-element elementor-element-24aeff5d e-flex e-con-boxed e-con e-child\" data-id=\"24aeff5d\" data-element_type=\"container\" data-e-type=\"container\" data-settings=\"{&quot;background_background&quot;:&quot;classic&quot;}\">\n\t\t\t\t\t<div class=\"e-con-inner\">\n\t\t\t\t<div class=\"elementor-element elementor-element-4c13023 elementor-widget elementor-widget-heading\" data-id=\"4c13023\" data-element_type=\"widget\" data-e-type=\"widget\" data-widget_type=\"heading.default\">\n\t\t\t\t<div class=\"elementor-widget-container\">\n\t\t\t\t\t<h2 class=\"elementor-heading-title elementor-size-default\">Mascara vs. Faux cils\n<\/h2>\t\t\t\t<\/div>\n\t\t\t\t<\/div>\n\t\t\t\t<div class=\"elementor-element elementor-element-6b4353d6 elementor-widget elementor-widget-text-editor\" data-id=\"6b4353d6\" data-element_type=\"widget\" data-e-type=\"widget\" data-widget_type=\"text-editor.default\">\n\t\t\t\t<div class=\"elementor-widget-container\">\n\t\t\t\t\t\t\t\t\tQuelle est la diff\u00e9rence entre le mascara et les faux cils ?\t\t\t\t\t\t\t\t<\/div>\n\t\t\t\t<\/div>\n\t\t\t\t<div class=\"elementor-element elementor-element-450df8a9 pp-table-center elementor-widget elementor-widget-pp-table\" data-id=\"450df8a9\" data-element_type=\"widget\" data-e-type=\"widget\" data-settings=\"{&quot;table_type&quot;:&quot;responsive&quot;,&quot;scrollable&quot;:&quot;no&quot;}\" data-widget_type=\"pp-table.default\">\n\t\t\t\t<div class=\"elementor-widget-container\">\n\t\t\t\t\t\t\t<div class=\"pp-table-container\">\n\t\t\t<table \n\t\t\tclass=\"pp-table tablesaw\" data-tablesaw-mode=\"stack\"\t\t\t\t>\n\t\t\t\t\t\t\t<colgroup>\n\t\t\t\t\t\t\t\t<col\n\t\t\t\t\tspan=\"1\"\n\t\t\t\t\tclass=\"elementor-repeater-item-af83534\"\n\t\t\t\t\t\t\t\t\t\t\tstyle=\"\t\t\t\t\t\t\t\t\t\t\t\t\t\t\t\t\t\t\t\t\"\n\t\t\t\t\t\t\t\t\t\t>\n\t\t\t\t\t\t\t<\/colgroup>\n\t\t\t\t\t\t<thead>\n\t\t\t\t<tr class=\"pp-table-row\">\n\t\t\t\t\t<th class=\"pp-table-cell pp-table-cell-d0d833a\"><span class=\"pp-table-cell-content\"><span class=\"pp-table-cell-text\">Crit\u00e8res<\/span><\/span><\/th><th class=\"pp-table-cell pp-table-cell-3070cfc\"><span class=\"pp-table-cell-content\"><span class=\"pp-table-cell-text\">Mascara<\/span><\/span><\/th><th class=\"pp-table-cell pp-table-cell-bdc1eeb\"><span class=\"pp-table-cell-content\"><span class=\"pp-table-cell-text\">Faux cils<\/span><\/span><\/th>\t\t\t\t<\/tr>\n\t\t\t<\/thead>\n\t\t\t\t\t<tfoot>\n\t\t\t<\/tr>\t\t<\/tfoot>\n\t\t\t\t<tbody>\n\t\t\t<tr ><td class=\"pp-table-cell pp-table-cell-99473b8\"><span class=\"pp-table-cell-content\"><span class=\"pp-table-cell-text\">Application\t<\/span><\/span><\/td><td class=\"pp-table-cell pp-table-cell-aebe7e3\"><span class=\"pp-table-cell-content\"><span class=\"pp-table-cell-text\">Appliqu\u00e9 sur les cils naturels avec une baguette.\t\n<\/span><\/span><\/td><td class=\"pp-table-cell pp-table-cell-a261542\"><span class=\"pp-table-cell-content\"><span class=\"pp-table-cell-text\">Appliqu\u00e9 sur les cils naturels \u00e0 l&#039;aide d&#039;un adh\u00e9sif.<\/span><\/span><\/td><\/tr><tr ><td class=\"pp-table-cell pp-table-cell-8d9b181\"><span class=\"pp-table-cell-content\"><span class=\"pp-table-cell-text\">Effet\t<\/span><\/span><\/td><td class=\"pp-table-cell pp-table-cell-4834af1\"><span class=\"pp-table-cell-content\"><span class=\"pp-table-cell-text\">Ajoute du volume, de la longueur et de la d\u00e9finition aux cils naturels.\t<\/span><\/span><\/td><td class=\"pp-table-cell pp-table-cell-f22c660\"><span class=\"pp-table-cell-content\"><span class=\"pp-table-cell-text\">Augmente consid\u00e9rablement la longueur et le volume. Permet de cr\u00e9er divers styles et effets.\n<\/span><\/span><\/td><\/tr><tr ><td class=\"pp-table-cell pp-table-cell-f0dfddb\"><span class=\"pp-table-cell-content\"><span class=\"pp-table-cell-text\">Aspect naturel\t<\/span><\/span><\/td><td class=\"pp-table-cell pp-table-cell-e818f67\"><span class=\"pp-table-cell-content\"><span class=\"pp-table-cell-text\">Peut donner aux cils une apparence plus naturelle.\t<\/span><\/span><\/td><td class=\"pp-table-cell pp-table-cell-b70350f\"><span class=\"pp-table-cell-content\"><span class=\"pp-table-cell-text\">Peut parfois para\u00eetre plus dramatique et artificiel.\n<\/span><\/span><\/td><\/tr><tr ><td class=\"pp-table-cell pp-table-cell-0d898b6\"><span class=\"pp-table-cell-content\"><span class=\"pp-table-cell-text\">Long\u00e9vit\u00e9\t<\/span><\/span><\/td><td class=\"pp-table-cell pp-table-cell-0fe5cb4\"><span class=\"pp-table-cell-content\"><span class=\"pp-table-cell-text\">Dure toute la journ\u00e9e mais peut n\u00e9cessiter des retouches.\t<\/span><\/span><\/td><td class=\"pp-table-cell pp-table-cell-5cc8038\"><span class=\"pp-table-cell-content\"><span class=\"pp-table-cell-text\">Peut durer toute la journ\u00e9e et peut \u00eatre r\u00e9utilis\u00e9 plusieurs fois selon la qualit\u00e9.\n<\/span><\/span><\/td><\/tr><tr ><td class=\"pp-table-cell pp-table-cell-837729c\"><span class=\"pp-table-cell-content\"><span class=\"pp-table-cell-text\">Commodit\u00e9\t<\/span><\/span><\/td><td class=\"pp-table-cell pp-table-cell-a4a76cf\"><span class=\"pp-table-cell-content\"><span class=\"pp-table-cell-text\">Facile et rapide \u00e0 appliquer et \u00e0 retirer.\t\n<\/span><\/span><\/td><td class=\"pp-table-cell pp-table-cell-52ecc0b\"><span class=\"pp-table-cell-content\"><span class=\"pp-table-cell-text\">L&#039;application n\u00e9cessite plus de temps et d&#039;efforts. Le retrait peut \u00eatre un peu d\u00e9licat.<\/span><\/span><\/td><\/tr><tr ><td class=\"pp-table-cell pp-table-cell-3a78602\"><span class=\"pp-table-cell-content\"><span class=\"pp-table-cell-text\">Co\u00fbt\t<\/span><\/span><\/td><td class=\"pp-table-cell pp-table-cell-98fd226\"><span class=\"pp-table-cell-content\"><span class=\"pp-table-cell-text\">G\u00e9n\u00e9ralement moins cher que les faux cils.\t<\/span><\/span><\/td><td class=\"pp-table-cell pp-table-cell-08377bc\"><span class=\"pp-table-cell-content\"><span class=\"pp-table-cell-text\">Les co\u00fbts \u00e0 long terme peuvent varier en fonction de la qualit\u00e9 et de la r\u00e9utilisation des faux cils.\n<\/span><\/span><\/td><\/tr><tr ><td class=\"pp-table-cell pp-table-cell-c9c6c0d\"><span class=\"pp-table-cell-content\"><span class=\"pp-table-cell-text\">Courbe d&#039;apprentissage\t<\/span><\/span><\/td><td class=\"pp-table-cell pp-table-cell-c835241\"><span class=\"pp-table-cell-content\"><span class=\"pp-table-cell-text\">Les d\u00e9butants peuvent facilement apprendre \u00e0 appliquer le mascara.\t<\/span><\/span><\/td><td class=\"pp-table-cell pp-table-cell-5f1c1d2\"><span class=\"pp-table-cell-content\"><span class=\"pp-table-cell-text\">L\u2019application de faux cils peut n\u00e9cessiter de la pratique et des comp\u00e9tences. <\/span><\/span><\/td><\/tr>\t\t<\/tbody>\n\t\t\t\t\t<\/table>\n\t\t<\/div>\n\t\t\t\t\t\t<\/div>\n\t\t\t\t<\/div>\n\t\t\t\t\t<\/div>\n\t\t\t\t<\/div>\n\t\t\t\t\t<\/div>\n\t\t\t\t<\/div>\n\t\t\t\t<\/div>","protected":false},"excerpt":{"rendered":"<p>Comment bien utiliser le mascara\u00a0? Apprenez \u00e0 appliquer le mascara \u00e9tape par \u00e9tape. 1. Recourbez vos cils avec un recourbe-cils. 2. Retirez l&#039;exc\u00e9dent de mascara de la brosse. 3. Appliquez le mascara de la racine des cils jusqu&#039;\u00e0 la pointe en effectuant des mouvements en zigzag. 4. Ajoutez du volume en appliquant une couche suppl\u00e9mentaire [\u2026]<\/p>","protected":false},"author":2,"featured_media":0,"parent":0,"menu_order":0,"comment_status":"closed","ping_status":"closed","template":"","meta":{"_acf_changed":false,"two_page_speed":[],"footnotes":""},"class_list":["post-11205","page","type-page","status-publish","hentry"],"acf":[],"yoast_head":"<!-- This site is optimized with the Yoast SEO plugin v27.3 - https:\/\/yoast.com\/product\/yoast-seo-wordpress\/ -->\n<title>2024\/1\/29 Mascara SEO Update - Siloran<\/title>\n<meta name=\"robots\" content=\"index, follow, max-snippet:-1, max-image-preview:large, max-video-preview:-1\" \/>\n<link rel=\"canonical\" href=\"https:\/\/www.siloran.com\/fr\/elementor-11205\/\" \/>\n<meta property=\"og:locale\" content=\"fr_FR\" \/>\n<meta property=\"og:type\" content=\"article\" \/>\n<meta property=\"og:title\" content=\"2024\/1\/29 Mascara SEO Update - Siloran\" \/>\n<meta property=\"og:description\" content=\"How to Use Mascara Properly? Learn how to apply the mascara step by step. 1. Curl your eyelashes with an eyelash curler. 2. Remove excess product from the mascara wand. 3. Apply the mascara from the base to the tips of your lashes with a zigzag motion. 4. Add more volume by applying an additional [&hellip;]\" \/>\n<meta property=\"og:url\" content=\"https:\/\/www.siloran.com\/fr\/elementor-11205\/\" \/>\n<meta property=\"og:site_name\" content=\"Siloran\" \/>\n<meta property=\"article:modified_time\" content=\"2024-01-29T09:55:51+00:00\" \/>\n<meta property=\"og:image\" content=\"http:\/\/www.siloran.com\/wp-content\/uploads\/2024\/01\/applying-mascara-1.jpg\" \/>\n<meta name=\"twitter:card\" content=\"summary_large_image\" \/>\n<meta name=\"twitter:label1\" content=\"Dur\u00e9e de lecture estim\u00e9e\" \/>\n\t<meta name=\"twitter:data1\" content=\"2 minutes\" \/>\n<script type=\"application\/ld+json\" class=\"yoast-schema-graph\">{\"@context\":\"https:\\\/\\\/schema.org\",\"@graph\":[{\"@type\":\"WebPage\",\"@id\":\"https:\\\/\\\/www.siloran.com\\\/elementor-11205\\\/\",\"url\":\"https:\\\/\\\/www.siloran.com\\\/elementor-11205\\\/\",\"name\":\"2024\\\/1\\\/29 Mascara SEO Update - Siloran\",\"isPartOf\":{\"@id\":\"https:\\\/\\\/www.siloran.com\\\/#website\"},\"primaryImageOfPage\":{\"@id\":\"https:\\\/\\\/www.siloran.com\\\/elementor-11205\\\/#primaryimage\"},\"image\":{\"@id\":\"https:\\\/\\\/www.siloran.com\\\/elementor-11205\\\/#primaryimage\"},\"thumbnailUrl\":\"http:\\\/\\\/www.siloran.com\\\/wp-content\\\/uploads\\\/2024\\\/01\\\/applying-mascara-1.jpg\",\"datePublished\":\"2024-01-29T09:49:43+00:00\",\"dateModified\":\"2024-01-29T09:55:51+00:00\",\"breadcrumb\":{\"@id\":\"https:\\\/\\\/www.siloran.com\\\/elementor-11205\\\/#breadcrumb\"},\"inLanguage\":\"fr-FR\",\"potentialAction\":[{\"@type\":\"ReadAction\",\"target\":[\"https:\\\/\\\/www.siloran.com\\\/elementor-11205\\\/\"]}]},{\"@type\":\"ImageObject\",\"inLanguage\":\"fr-FR\",\"@id\":\"https:\\\/\\\/www.siloran.com\\\/elementor-11205\\\/#primaryimage\",\"url\":\"http:\\\/\\\/www.siloran.com\\\/wp-content\\\/uploads\\\/2024\\\/01\\\/applying-mascara-1.jpg\",\"contentUrl\":\"http:\\\/\\\/www.siloran.com\\\/wp-content\\\/uploads\\\/2024\\\/01\\\/applying-mascara-1.jpg\"},{\"@type\":\"BreadcrumbList\",\"@id\":\"https:\\\/\\\/www.siloran.com\\\/elementor-11205\\\/#breadcrumb\",\"itemListElement\":[{\"@type\":\"ListItem\",\"position\":1,\"name\":\"\u9996\u9875\",\"item\":\"https:\\\/\\\/www.siloran.com\\\/\"},{\"@type\":\"ListItem\",\"position\":2,\"name\":\"2024\\\/1\\\/29 Mascara SEO Update\"}]},{\"@type\":\"WebSite\",\"@id\":\"https:\\\/\\\/www.siloran.com\\\/#website\",\"url\":\"https:\\\/\\\/www.siloran.com\\\/\",\"name\":\"Siloran\",\"description\":\"\",\"potentialAction\":[{\"@type\":\"SearchAction\",\"target\":{\"@type\":\"EntryPoint\",\"urlTemplate\":\"https:\\\/\\\/www.siloran.com\\\/?s={search_term_string}\"},\"query-input\":{\"@type\":\"PropertyValueSpecification\",\"valueRequired\":true,\"valueName\":\"search_term_string\"}}],\"inLanguage\":\"fr-FR\"}]}<\/script>\n<!-- \/ Yoast SEO plugin. -->","yoast_head_json":{"title":"2024\/1\/29 Mascara SEO Update - Siloran","robots":{"index":"index","follow":"follow","max-snippet":"max-snippet:-1","max-image-preview":"max-image-preview:large","max-video-preview":"max-video-preview:-1"},"canonical":"https:\/\/www.siloran.com\/fr\/elementor-11205\/","og_locale":"fr_FR","og_type":"article","og_title":"2024\/1\/29 Mascara SEO Update - Siloran","og_description":"How to Use Mascara Properly? Learn how to apply the mascara step by step. 1. Curl your eyelashes with an eyelash curler. 2. Remove excess product from the mascara wand. 3. Apply the mascara from the base to the tips of your lashes with a zigzag motion. 4. Add more volume by applying an additional [&hellip;]","og_url":"https:\/\/www.siloran.com\/fr\/elementor-11205\/","og_site_name":"Siloran","article_modified_time":"2024-01-29T09:55:51+00:00","og_image":[{"url":"http:\/\/www.siloran.com\/wp-content\/uploads\/2024\/01\/applying-mascara-1.jpg","type":"","width":"","height":""}],"twitter_card":"summary_large_image","twitter_misc":{"Dur\u00e9e de lecture estim\u00e9e":"2 minutes"},"schema":{"@context":"https:\/\/schema.org","@graph":[{"@type":"WebPage","@id":"https:\/\/www.siloran.com\/elementor-11205\/","url":"https:\/\/www.siloran.com\/elementor-11205\/","name":"2024\/1\/29 Mascara SEO Update - Siloran","isPartOf":{"@id":"https:\/\/www.siloran.com\/#website"},"primaryImageOfPage":{"@id":"https:\/\/www.siloran.com\/elementor-11205\/#primaryimage"},"image":{"@id":"https:\/\/www.siloran.com\/elementor-11205\/#primaryimage"},"thumbnailUrl":"http:\/\/www.siloran.com\/wp-content\/uploads\/2024\/01\/applying-mascara-1.jpg","datePublished":"2024-01-29T09:49:43+00:00","dateModified":"2024-01-29T09:55:51+00:00","breadcrumb":{"@id":"https:\/\/www.siloran.com\/elementor-11205\/#breadcrumb"},"inLanguage":"fr-FR","potentialAction":[{"@type":"ReadAction","target":["https:\/\/www.siloran.com\/elementor-11205\/"]}]},{"@type":"ImageObject","inLanguage":"fr-FR","@id":"https:\/\/www.siloran.com\/elementor-11205\/#primaryimage","url":"http:\/\/www.siloran.com\/wp-content\/uploads\/2024\/01\/applying-mascara-1.jpg","contentUrl":"http:\/\/www.siloran.com\/wp-content\/uploads\/2024\/01\/applying-mascara-1.jpg"},{"@type":"BreadcrumbList","@id":"https:\/\/www.siloran.com\/elementor-11205\/#breadcrumb","itemListElement":[{"@type":"ListItem","position":1,"name":"\u9996\u9875","item":"https:\/\/www.siloran.com\/"},{"@type":"ListItem","position":2,"name":"2024\/1\/29 Mascara SEO Update"}]},{"@type":"WebSite","@id":"https:\/\/www.siloran.com\/#website","url":"https:\/\/www.siloran.com\/","name":"Siloran","description":"","potentialAction":[{"@type":"SearchAction","target":{"@type":"EntryPoint","urlTemplate":"https:\/\/www.siloran.com\/?s={search_term_string}"},"query-input":{"@type":"PropertyValueSpecification","valueRequired":true,"valueName":"search_term_string"}}],"inLanguage":"fr-FR"}]}},"_links":{"self":[{"href":"https:\/\/www.siloran.com\/fr\/wp-json\/wp\/v2\/pages\/11205","targetHints":{"allow":["GET"]}}],"collection":[{"href":"https:\/\/www.siloran.com\/fr\/wp-json\/wp\/v2\/pages"}],"about":[{"href":"https:\/\/www.siloran.com\/fr\/wp-json\/wp\/v2\/types\/page"}],"author":[{"embeddable":true,"href":"https:\/\/www.siloran.com\/fr\/wp-json\/wp\/v2\/users\/2"}],"replies":[{"embeddable":true,"href":"https:\/\/www.siloran.com\/fr\/wp-json\/wp\/v2\/comments?post=11205"}],"version-history":[{"count":0,"href":"https:\/\/www.siloran.com\/fr\/wp-json\/wp\/v2\/pages\/11205\/revisions"}],"wp:attachment":[{"href":"https:\/\/www.siloran.com\/fr\/wp-json\/wp\/v2\/media?parent=11205"}],"curies":[{"name":"wp","href":"https:\/\/api.w.org\/{rel}","templated":true}]}}