{"id":11366,"date":"2024-02-21T07:03:34","date_gmt":"2024-02-21T07:03:34","guid":{"rendered":"https:\/\/www.siloran.com\/?page_id=11366"},"modified":"2024-02-21T07:03:38","modified_gmt":"2024-02-21T07:03:38","slug":"elementor-11366","status":"publish","type":"page","link":"https:\/\/www.siloran.com\/pt\/elementor-11366\/","title":{"rendered":"Atualiza\u00e7\u00e3o de SEO para batom de r\u00f3tulo de 2024\/02\/21"},"content":{"rendered":"<div data-elementor-type=\"wp-page\" data-elementor-id=\"11366\" class=\"elementor elementor-11366\" data-elementor-post-type=\"page\">\n\t\t\t\t<div class=\"elementor-element elementor-element-56a674e e-flex e-con-boxed e-con e-parent\" data-id=\"56a674e\" data-element_type=\"container\" data-e-type=\"container\">\n\t\t\t\t\t<div class=\"e-con-inner\">\n\t\t<div class=\"elementor-element elementor-element-620349c e-con-full e-flex e-con e-child\" data-id=\"620349c\" data-element_type=\"container\" data-e-type=\"container\" data-settings=\"{&quot;background_background&quot;:&quot;classic&quot;}\">\n\t\t<div class=\"elementor-element elementor-element-917c08e e-flex e-con-boxed e-con e-child\" data-id=\"917c08e\" data-element_type=\"container\" data-e-type=\"container\" data-settings=\"{&quot;background_background&quot;:&quot;classic&quot;}\">\n\t\t\t\t\t<div class=\"e-con-inner\">\n\t\t\t\t<div class=\"elementor-element elementor-element-79da6d0 elementor-widget-divider--view-line elementor-widget elementor-widget-divider\" data-id=\"79da6d0\" data-element_type=\"widget\" data-e-type=\"widget\" data-widget_type=\"divider.default\">\n\t\t\t\t<div class=\"elementor-widget-container\">\n\t\t\t\t\t\t\t<div class=\"elementor-divider\">\n\t\t\t<span class=\"elementor-divider-separator\">\n\t\t\t\t\t\t<\/span>\n\t\t<\/div>\n\t\t\t\t\t\t<\/div>\n\t\t\t\t<\/div>\n\t\t\t\t<div class=\"elementor-element elementor-element-83763ad elementor-widget elementor-widget-heading\" data-id=\"83763ad\" data-element_type=\"widget\" data-e-type=\"widget\" data-widget_type=\"heading.default\">\n\t\t\t\t<div class=\"elementor-widget-container\">\n\t\t\t\t\t<h3 class=\"elementor-heading-title elementor-size-default\">Batom White Label <\/h3>\t\t\t\t<\/div>\n\t\t\t\t<\/div>\n\t\t\t\t<div class=\"elementor-element elementor-element-26a349b elementor-widget elementor-widget-text-editor\" data-id=\"26a349b\" data-element_type=\"widget\" data-e-type=\"widget\" data-widget_type=\"text-editor.default\">\n\t\t\t\t<div class=\"elementor-widget-container\">\n\t\t\t\t\t\t\t\t\tCom o servi\u00e7o de batons de marca branca da Siloran, voc\u00ea pode criar uma linha de batons personalizada que reflita o estilo \u00fanico da sua marca. Escolha entre uma ampla gama de tons e acabamentos que podem ser totalmente personalizados para combinar com a est\u00e9tica da sua marca. Nossas op\u00e7\u00f5es de batons de marca branca permitem que voc\u00ea ofere\u00e7a f\u00f3rmulas de alta qualidade, livres de crueldade e na moda. Entre em contato conosco para descobrir como nosso servi\u00e7o pode ajudar voc\u00ea a lan\u00e7ar um produto de beleza de destaque com a sua marca.\t\t\t\t\t\t\t\t<\/div>\n\t\t\t\t<\/div>\n\t\t\t\t\t<\/div>\n\t\t\t\t<\/div>\n\t\t\t\t<\/div>\n\t\t<div class=\"elementor-element elementor-element-c1217dc e-con-full e-flex e-con e-child\" data-id=\"c1217dc\" data-element_type=\"container\" data-e-type=\"container\" data-settings=\"{&quot;background_background&quot;:&quot;classic&quot;}\">\n\t\t<div class=\"elementor-element elementor-element-e4cc35b e-flex e-con-boxed e-con e-child\" data-id=\"e4cc35b\" data-element_type=\"container\" data-e-type=\"container\" data-settings=\"{&quot;background_background&quot;:&quot;gradient&quot;}\">\n\t\t\t\t\t<div class=\"e-con-inner\">\n\t\t\t\t<div class=\"elementor-element elementor-element-5648f6e elementor-widget-divider--view-line elementor-widget elementor-widget-divider\" data-id=\"5648f6e\" data-element_type=\"widget\" data-e-type=\"widget\" data-widget_type=\"divider.default\">\n\t\t\t\t<div class=\"elementor-widget-container\">\n\t\t\t\t\t\t\t<div class=\"elementor-divider\">\n\t\t\t<span class=\"elementor-divider-separator\">\n\t\t\t\t\t\t<\/span>\n\t\t<\/div>\n\t\t\t\t\t\t<\/div>\n\t\t\t\t<\/div>\n\t\t\t\t<div class=\"elementor-element elementor-element-1722494 elementor-widget elementor-widget-heading\" data-id=\"1722494\" data-element_type=\"widget\" data-e-type=\"widget\" data-widget_type=\"heading.default\">\n\t\t\t\t<div class=\"elementor-widget-container\">\n\t\t\t\t\t<h3 class=\"elementor-heading-title elementor-size-default\">Batom de marca pr\u00f3pria<\/h3>\t\t\t\t<\/div>\n\t\t\t\t<\/div>\n\t\t\t\t<div class=\"elementor-element elementor-element-46436e0 elementor-widget elementor-widget-text-editor\" data-id=\"46436e0\" data-element_type=\"widget\" data-e-type=\"widget\" data-widget_type=\"text-editor.default\">\n\t\t\t\t<div class=\"elementor-widget-container\">\n\t\t\t\t\t\t\t\t\tComo fabricante confi\u00e1vel de cosm\u00e9ticos, criamos batons de marca pr\u00f3pria livres de crueldade animal em um ambiente livre de polui\u00e7\u00e3o. Voc\u00ea pode escolher entre uma variedade de op\u00e7\u00f5es de batom em tons e acabamentos deslumbrantes, com mais de 1.000 f\u00f3rmulas comprovadas e op\u00e7\u00f5es de embalagem flex\u00edveis para combinar com a est\u00e9tica da sua marca, al\u00e9m de amostras personalizadas gratuitas. Entre em contato conosco hoje mesmo para saber mais sobre como podemos dar vida \u00e0 sua vis\u00e3o com nossas op\u00e7\u00f5es de batom de marca pr\u00f3pria.\t\t\t\t\t\t\t\t<\/div>\n\t\t\t\t<\/div>\n\t\t\t\t\t<\/div>\n\t\t\t\t<\/div>\n\t\t\t\t<\/div>\n\t\t\t\t\t<\/div>\n\t\t\t\t<\/div>\n\t\t\t\t<\/div>","protected":false},"excerpt":{"rendered":"<p>Batom White Label: Com o servi\u00e7o de batom white label da Siloran, voc\u00ea pode criar uma linha de batons personalizada que reflita o estilo \u00fanico da sua marca. Escolha entre uma ampla gama de tons e acabamentos que podem ser totalmente personalizados para combinar com a est\u00e9tica da sua marca. Nossas op\u00e7\u00f5es de batom white label permitem que voc\u00ea ofere\u00e7a f\u00f3rmulas de alta qualidade e livres de crueldade [\u2026]<\/p>","protected":false},"author":2,"featured_media":0,"parent":0,"menu_order":0,"comment_status":"closed","ping_status":"closed","template":"","meta":{"_acf_changed":false,"two_page_speed":[],"footnotes":""},"class_list":["post-11366","page","type-page","status-publish","hentry"],"acf":[],"yoast_head":"<!-- This site is optimized with the Yoast SEO plugin v27.5 - https:\/\/yoast.com\/product\/yoast-seo-wordpress\/ -->\n<title>2024\/2\/21 Label Lipstick SEO Update - Siloran<\/title>\n<meta name=\"robots\" content=\"index, follow, max-snippet:-1, max-image-preview:large, max-video-preview:-1\" \/>\n<link rel=\"canonical\" href=\"https:\/\/www.siloran.com\/pt\/elementor-11366\/\" \/>\n<meta property=\"og:locale\" content=\"pt_PT\" \/>\n<meta property=\"og:type\" content=\"article\" \/>\n<meta property=\"og:title\" content=\"2024\/2\/21 Label Lipstick SEO Update - Siloran\" \/>\n<meta property=\"og:description\" content=\"White Label Lipstick With Siloran&#8217;s white label lipstick service, you can create a personalized lipstick line that reflects your brand\u2019s unique style. Choose from a wide range of shades and finishes that can be fully customized to match your brand\u2019s aesthetic. Our white label lipstick options allow you to offer high-quality formulas that are cruelty-free [&hellip;]\" \/>\n<meta property=\"og:url\" content=\"https:\/\/www.siloran.com\/pt\/elementor-11366\/\" \/>\n<meta property=\"og:site_name\" content=\"Siloran\" \/>\n<meta property=\"article:modified_time\" content=\"2024-02-21T07:03:38+00:00\" \/>\n<meta name=\"twitter:card\" content=\"summary_large_image\" \/>\n<meta name=\"twitter:label1\" content=\"Tempo estimado de leitura\" \/>\n\t<meta name=\"twitter:data1\" content=\"1 minuto\" \/>\n<script type=\"application\/ld+json\" class=\"yoast-schema-graph\">{\"@context\":\"https:\\\/\\\/schema.org\",\"@graph\":[{\"@type\":\"WebPage\",\"@id\":\"https:\\\/\\\/www.siloran.com\\\/elementor-11366\\\/\",\"url\":\"https:\\\/\\\/www.siloran.com\\\/elementor-11366\\\/\",\"name\":\"2024\\\/2\\\/21 Label Lipstick SEO Update - Siloran\",\"isPartOf\":{\"@id\":\"https:\\\/\\\/www.siloran.com\\\/#website\"},\"datePublished\":\"2024-02-21T07:03:34+00:00\",\"dateModified\":\"2024-02-21T07:03:38+00:00\",\"breadcrumb\":{\"@id\":\"https:\\\/\\\/www.siloran.com\\\/elementor-11366\\\/#breadcrumb\"},\"inLanguage\":\"pt-PT\",\"potentialAction\":[{\"@type\":\"ReadAction\",\"target\":[\"https:\\\/\\\/www.siloran.com\\\/elementor-11366\\\/\"]}]},{\"@type\":\"BreadcrumbList\",\"@id\":\"https:\\\/\\\/www.siloran.com\\\/elementor-11366\\\/#breadcrumb\",\"itemListElement\":[{\"@type\":\"ListItem\",\"position\":1,\"name\":\"\u9996\u9875\",\"item\":\"https:\\\/\\\/www.siloran.com\\\/\"},{\"@type\":\"ListItem\",\"position\":2,\"name\":\"2024\\\/2\\\/21 Label Lipstick SEO Update\"}]},{\"@type\":\"WebSite\",\"@id\":\"https:\\\/\\\/www.siloran.com\\\/#website\",\"url\":\"https:\\\/\\\/www.siloran.com\\\/\",\"name\":\"Siloran\",\"description\":\"\",\"potentialAction\":[{\"@type\":\"SearchAction\",\"target\":{\"@type\":\"EntryPoint\",\"urlTemplate\":\"https:\\\/\\\/www.siloran.com\\\/?s={search_term_string}\"},\"query-input\":{\"@type\":\"PropertyValueSpecification\",\"valueRequired\":true,\"valueName\":\"search_term_string\"}}],\"inLanguage\":\"pt-PT\"}]}<\/script>\n<!-- \/ Yoast SEO plugin. -->","yoast_head_json":{"title":"2024\/2\/21 Label Lipstick SEO Update - Siloran","robots":{"index":"index","follow":"follow","max-snippet":"max-snippet:-1","max-image-preview":"max-image-preview:large","max-video-preview":"max-video-preview:-1"},"canonical":"https:\/\/www.siloran.com\/pt\/elementor-11366\/","og_locale":"pt_PT","og_type":"article","og_title":"2024\/2\/21 Label Lipstick SEO Update - Siloran","og_description":"White Label Lipstick With Siloran&#8217;s white label lipstick service, you can create a personalized lipstick line that reflects your brand\u2019s unique style. Choose from a wide range of shades and finishes that can be fully customized to match your brand\u2019s aesthetic. Our white label lipstick options allow you to offer high-quality formulas that are cruelty-free [&hellip;]","og_url":"https:\/\/www.siloran.com\/pt\/elementor-11366\/","og_site_name":"Siloran","article_modified_time":"2024-02-21T07:03:38+00:00","twitter_card":"summary_large_image","twitter_misc":{"Tempo estimado de leitura":"1 minuto"},"schema":{"@context":"https:\/\/schema.org","@graph":[{"@type":"WebPage","@id":"https:\/\/www.siloran.com\/elementor-11366\/","url":"https:\/\/www.siloran.com\/elementor-11366\/","name":"2024\/2\/21 Label Lipstick SEO Update - Siloran","isPartOf":{"@id":"https:\/\/www.siloran.com\/#website"},"datePublished":"2024-02-21T07:03:34+00:00","dateModified":"2024-02-21T07:03:38+00:00","breadcrumb":{"@id":"https:\/\/www.siloran.com\/elementor-11366\/#breadcrumb"},"inLanguage":"pt-PT","potentialAction":[{"@type":"ReadAction","target":["https:\/\/www.siloran.com\/elementor-11366\/"]}]},{"@type":"BreadcrumbList","@id":"https:\/\/www.siloran.com\/elementor-11366\/#breadcrumb","itemListElement":[{"@type":"ListItem","position":1,"name":"\u9996\u9875","item":"https:\/\/www.siloran.com\/"},{"@type":"ListItem","position":2,"name":"2024\/2\/21 Label Lipstick SEO Update"}]},{"@type":"WebSite","@id":"https:\/\/www.siloran.com\/#website","url":"https:\/\/www.siloran.com\/","name":"Siloran","description":"","potentialAction":[{"@type":"SearchAction","target":{"@type":"EntryPoint","urlTemplate":"https:\/\/www.siloran.com\/?s={search_term_string}"},"query-input":{"@type":"PropertyValueSpecification","valueRequired":true,"valueName":"search_term_string"}}],"inLanguage":"pt-PT"}]}},"_links":{"self":[{"href":"https:\/\/www.siloran.com\/pt\/wp-json\/wp\/v2\/pages\/11366","targetHints":{"allow":["GET"]}}],"collection":[{"href":"https:\/\/www.siloran.com\/pt\/wp-json\/wp\/v2\/pages"}],"about":[{"href":"https:\/\/www.siloran.com\/pt\/wp-json\/wp\/v2\/types\/page"}],"author":[{"embeddable":true,"href":"https:\/\/www.siloran.com\/pt\/wp-json\/wp\/v2\/users\/2"}],"replies":[{"embeddable":true,"href":"https:\/\/www.siloran.com\/pt\/wp-json\/wp\/v2\/comments?post=11366"}],"version-history":[{"count":0,"href":"https:\/\/www.siloran.com\/pt\/wp-json\/wp\/v2\/pages\/11366\/revisions"}],"wp:attachment":[{"href":"https:\/\/www.siloran.com\/pt\/wp-json\/wp\/v2\/media?parent=11366"}],"curies":[{"name":"wp","href":"https:\/\/api.w.org\/{rel}","templated":true}]}}